{"id":1269,"date":"2026-02-11T22:34:11","date_gmt":"2026-02-11T21:34:11","guid":{"rendered":"https:\/\/vizomix.hu\/termek\/zara-madeira-rovid-ruha-6\/"},"modified":"2026-04-04T13:41:10","modified_gmt":"2026-04-04T11:41:10","slug":"zara-madeira-rovid-ruha-6","status":"publish","type":"product","link":"https:\/\/vizomix.hu\/en\/product\/zara-madeira-rovid-ruha-6\/","title":{"rendered":"Zara feh\u00e9r Madeira 100% pamut, fodros alj\u00fa, p\u00e1ntos ny\u00e1ri ruha"},"content":{"rendered":"<p>Zara feh\u00e9r Madeira ny\u00e1ri ruha \u2013 100% pamut, fodros<\/p>\n<p>Friss \u00e9s n\u0151ies darab, amely ide\u00e1lis v\u00e1laszt\u00e1s a melegebb napokra. Ez a Zara feh\u00e9r Madeira ruha 100% pamut anyagb\u00f3l k\u00e9sz\u00fclt, \u00edgy puha, l\u00e9g\u00e1tereszt\u0151 \u00e9s k\u00e9nyelmes viseletet biztos\u00edt.<\/p>\n<p>A fodros r\u00e9szletek j\u00e1t\u00e9kos, romantikus hangulatot adnak a ruh\u00e1nak, az oldal\u00e1n tal\u00e1lhat\u00f3 cipz\u00e1r pedig praktikus fel- \u00e9s lev\u00e9telt tesz lehet\u0151v\u00e9. A h\u00e1t\u00e1n elhelyezett gumis bet\u00e9t finoman kiemeli a der\u00e9kvonalat, mik\u00f6zben el\u0151ny\u00f6s, csinos szab\u00e1st biztos\u00edt. T\u00f6k\u00e9letes v\u00e1laszt\u00e1s v\u00e1rosi s\u00e9t\u00e1khoz, ny\u00e1ri programokra vagy k\u00f6nnyed, csinos h\u00e9tk\u00f6znapi outfitekhez.<br \/>\nM\u00e9retez\u00e9s: kisebb m\u00e9ret<\/p>","protected":false},"excerpt":{"rendered":"<p>Zara feh\u00e9r Madeira ny\u00e1ri ruha \u2013 100% pamut, fodros Friss \u00e9s n\u0151ies darab, amely ide\u00e1lis v\u00e1laszt\u00e1s a melegebb napokra. Ez<a class=\"read-more\" href=\"https:\/\/vizomix.hu\/en\/product\/zara-madeira-rovid-ruha-6\/\">Tov\u00e1bb<\/a><\/p>","protected":false},"featured_media":1984,"comment_status":"open","ping_status":"closed","template":"","meta":[],"product_brand":[76],"product_cat":[34],"product_tag":[],"class_list":{"0":"post-1269","1":"product","2":"type-product","3":"status-publish","4":"has-post-thumbnail","6":"product_brand-zara","7":"product_cat-rovid-ruhak-overalok","9":"first","10":"instock","11":"taxable","12":"shipping-taxable","13":"purchasable","14":"product-type-variable","15":"add-to-wishlist-before_add_to_cart"},"supplier_id":null,"supplier_sku":"","barcode":null,"atum_controlled":true,"out_stock_date":null,"out_stock_threshold":null,"inheritable":false,"inbound_stock":0,"stock_on_hold":0,"sold_today":0,"sales_last_days":1,"reserved_stock":0,"customer_returns":0,"warehouse_damage":0,"lost_in_post":0,"other_logs":0,"out_stock_days":0,"lost_sales":0,"has_location":false,"update_date":"2026-04-07T12:06:00","atum_locations":[],"atum_stock_status":"instock","restock_status":false,"low_stock_amount":"","sales_update_date":"2026-03-17T19:15:20","calc_backorders":null,"_links":{"self":[{"href":"https:\/\/vizomix.hu\/en\/wp-json\/wp\/v2\/product\/1269","targetHints":{"allow":["GET"]}}],"collection":[{"href":"https:\/\/vizomix.hu\/en\/wp-json\/wp\/v2\/product"}],"about":[{"href":"https:\/\/vizomix.hu\/en\/wp-json\/wp\/v2\/types\/product"}],"replies":[{"embeddable":true,"href":"https:\/\/vizomix.hu\/en\/wp-json\/wp\/v2\/comments?post=1269"}],"wp:featuredmedia":[{"embeddable":true,"href":"https:\/\/vizomix.hu\/en\/wp-json\/wp\/v2\/media\/1984"}],"wp:attachment":[{"href":"https:\/\/vizomix.hu\/en\/wp-json\/wp\/v2\/media?parent=1269"}],"wp:term":[{"taxonomy":"product_brand","embeddable":true,"href":"https:\/\/vizomix.hu\/en\/wp-json\/wp\/v2\/product_brand?post=1269"},{"taxonomy":"product_cat","embeddable":true,"href":"https:\/\/vizomix.hu\/en\/wp-json\/wp\/v2\/product_cat?post=1269"},{"taxonomy":"product_tag","embeddable":true,"href":"https:\/\/vizomix.hu\/en\/wp-json\/wp\/v2\/product_tag?post=1269"}],"curies":[{"name":"wp","href":"https:\/\/api.w.org\/{rel}","templated":true}]}}