{"id":1262,"date":"2026-02-11T22:31:44","date_gmt":"2026-02-11T21:31:44","guid":{"rendered":"https:\/\/vizomix.hu\/termek\/zara-rovid-ruha-11\/"},"modified":"2026-03-19T15:24:24","modified_gmt":"2026-03-19T14:24:24","slug":"zara-rovid-ruha-11","status":"publish","type":"product","link":"https:\/\/vizomix.hu\/en\/product\/zara-rovid-ruha-11\/","title":{"rendered":"Zara pink linen, ruffled summer dress"},"content":{"rendered":"<p>Zara r\u00f3zsasz\u00edn len ny\u00e1ri ruha \u2013 fodros, el\u00fcls\u0151 gombokkal \u00e9s gall\u00e9rral<\/p>\n<p>Friss \u00e9s n\u0151ies darab, amely t\u00f6k\u00e9letes v\u00e1laszt\u00e1s a melegebb napokra. Ez a Zara r\u00f3zsasz\u00edn ny\u00e1ri ruha k\u00f6nny\u0171, l\u00e9g\u00e1tereszt\u0151 len anyagb\u00f3l k\u00e9sz\u00fclt, puha es\u00e9s\u00e9vel \u00e9s csinos fodros r\u00e9szleteivel romantikus hangulatot k\u00f6lcs\u00f6n\u00f6z.<\/p>\n<p>Az el\u00fcls\u0151 gombos r\u00f6gz\u00edt\u00e9s \u00e9s a klasszikus gall\u00e9r eleg\u00e1ns, m\u00e9gis laza megjelen\u00e9st biztos\u00edt. Ide\u00e1lis v\u00e1laszt\u00e1s v\u00e1rosi s\u00e9t\u00e1khoz, ny\u00e1ri programokra vagy k\u00f6nnyed, csinos h\u00e9tk\u00f6znapi outfitekhez.<br \/>\nM\u00e9retez\u00e9s: m\u00e9reth\u0171<\/p>","protected":false},"excerpt":{"rendered":"<p>Zara r\u00f3zsasz\u00edn len ny\u00e1ri ruha \u2013 fodros, el\u00fcls\u0151 gombokkal \u00e9s gall\u00e9rral Friss \u00e9s n\u0151ies darab, amely t\u00f6k\u00e9letes v\u00e1laszt\u00e1s a melegebb<a class=\"read-more\" href=\"https:\/\/vizomix.hu\/en\/product\/zara-rovid-ruha-11\/\">Tov\u00e1bb<\/a><\/p>","protected":false},"featured_media":6875,"comment_status":"open","ping_status":"closed","template":"","meta":[],"product_brand":[76],"product_cat":[34],"product_tag":[],"class_list":{"0":"post-1262","1":"product","2":"type-product","3":"status-publish","4":"has-post-thumbnail","6":"product_brand-zara","7":"product_cat-rovid-ruhak-overalok","9":"first","10":"instock","11":"taxable","12":"shipping-taxable","13":"purchasable","14":"product-type-variable","15":"add-to-wishlist-before_add_to_cart"},"supplier_id":null,"supplier_sku":"","barcode":null,"atum_controlled":true,"out_stock_date":null,"out_stock_threshold":null,"inheritable":false,"inbound_stock":null,"stock_on_hold":0,"sold_today":0,"sales_last_days":0,"reserved_stock":null,"customer_returns":null,"warehouse_damage":null,"lost_in_post":null,"other_logs":null,"out_stock_days":0,"lost_sales":0,"has_location":null,"update_date":"2026-03-19T14:24:24","atum_locations":[],"atum_stock_status":"instock","restock_status":false,"low_stock_amount":"","sales_update_date":"2026-03-17T19:15:20","calc_backorders":null,"_links":{"self":[{"href":"https:\/\/vizomix.hu\/en\/wp-json\/wp\/v2\/product\/1262","targetHints":{"allow":["GET"]}}],"collection":[{"href":"https:\/\/vizomix.hu\/en\/wp-json\/wp\/v2\/product"}],"about":[{"href":"https:\/\/vizomix.hu\/en\/wp-json\/wp\/v2\/types\/product"}],"replies":[{"embeddable":true,"href":"https:\/\/vizomix.hu\/en\/wp-json\/wp\/v2\/comments?post=1262"}],"wp:featuredmedia":[{"embeddable":true,"href":"https:\/\/vizomix.hu\/en\/wp-json\/wp\/v2\/media\/6875"}],"wp:attachment":[{"href":"https:\/\/vizomix.hu\/en\/wp-json\/wp\/v2\/media?parent=1262"}],"wp:term":[{"taxonomy":"product_brand","embeddable":true,"href":"https:\/\/vizomix.hu\/en\/wp-json\/wp\/v2\/product_brand?post=1262"},{"taxonomy":"product_cat","embeddable":true,"href":"https:\/\/vizomix.hu\/en\/wp-json\/wp\/v2\/product_cat?post=1262"},{"taxonomy":"product_tag","embeddable":true,"href":"https:\/\/vizomix.hu\/en\/wp-json\/wp\/v2\/product_tag?post=1262"}],"curies":[{"name":"wp","href":"https:\/\/api.w.org\/{rel}","templated":true}]}}