{"id":1250,"date":"2026-02-11T22:28:31","date_gmt":"2026-02-11T21:28:31","guid":{"rendered":"https:\/\/vizomix.hu\/termek\/zara-hosszu-overall-2\/"},"modified":"2026-03-18T13:21:18","modified_gmt":"2026-03-18T12:21:18","slug":"zara-hosszu-overall-2","status":"publish","type":"product","link":"https:\/\/vizomix.hu\/en\/product\/zara-hosszu-overall-2\/","title":{"rendered":"Zara khaki hossz\u00fa over\u00e1ll csinos hozz\u00e1 ill\u0151 \u00f6vvel"},"content":{"rendered":"<p>Zara khaki hossz\u00fa over\u00e1ll \u2013 \u00f6vvel, el\u00f6l cipz\u00e1rral<\/p>\n<p>St\u00edlusos \u00e9s n\u0151ies darab, amely modern, k\u00e9nyelmes megjelen\u00e9st biztos\u00edt. Ez a Zara khaki hossz\u00fa over\u00e1ll k\u00f6nnyen viselhet\u0151, praktikus el\u00f6l elhelyezett cipz\u00e1rral, amely megk\u00f6nny\u00edti a fel- \u00e9s lev\u00e9telt.<\/p>\n<p>A hozz\u00e1 tartoz\u00f3 \u00f6v finoman kiemeli a der\u00e9kvonalat, mik\u00f6zben eleg\u00e1ns, csinos vonalvezet\u00e9st biztos\u00edt. T\u00f6k\u00e9letes v\u00e1laszt\u00e1s h\u00e9tk\u00f6znapi outfitekhez, v\u00e1rosi s\u00e9t\u00e1khoz vagy alkalmi esem\u00e9nyekhez, egyszerre k\u00e9nyelmes \u00e9s trendi viselet.<br \/>\nM\u00e9retez\u00e9s: m\u00e9reth\u0171<\/p>","protected":false},"excerpt":{"rendered":"<p>Zara khaki hossz\u00fa over\u00e1ll \u2013 \u00f6vvel, el\u00f6l cipz\u00e1rral St\u00edlusos \u00e9s n\u0151ies darab, amely modern, k\u00e9nyelmes megjelen\u00e9st biztos\u00edt. Ez a Zara<a class=\"read-more\" href=\"https:\/\/vizomix.hu\/en\/product\/zara-hosszu-overall-2\/\">Tov\u00e1bb<\/a><\/p>","protected":false},"featured_media":6683,"comment_status":"open","ping_status":"closed","template":"","meta":[],"product_brand":[76],"product_cat":[33],"product_tag":[],"class_list":{"0":"post-1250","1":"product","2":"type-product","3":"status-publish","4":"has-post-thumbnail","6":"product_brand-zara","7":"product_cat-hosszu-ruhak-midi-ruhak-overalok","9":"first","10":"instock","11":"taxable","12":"shipping-taxable","13":"purchasable","14":"product-type-variable","15":"add-to-wishlist-before_add_to_cart"},"supplier_id":null,"supplier_sku":"","barcode":null,"atum_controlled":true,"out_stock_date":null,"out_stock_threshold":null,"inheritable":false,"inbound_stock":0,"stock_on_hold":0,"sold_today":0,"sales_last_days":0,"reserved_stock":0,"customer_returns":0,"warehouse_damage":0,"lost_in_post":0,"other_logs":0,"out_stock_days":0,"lost_sales":0,"has_location":false,"update_date":"2026-03-18T12:21:19","atum_locations":[],"atum_stock_status":"instock","restock_status":false,"low_stock_amount":"","sales_update_date":"2026-03-17T19:15:20","calc_backorders":null,"_links":{"self":[{"href":"https:\/\/vizomix.hu\/en\/wp-json\/wp\/v2\/product\/1250","targetHints":{"allow":["GET"]}}],"collection":[{"href":"https:\/\/vizomix.hu\/en\/wp-json\/wp\/v2\/product"}],"about":[{"href":"https:\/\/vizomix.hu\/en\/wp-json\/wp\/v2\/types\/product"}],"replies":[{"embeddable":true,"href":"https:\/\/vizomix.hu\/en\/wp-json\/wp\/v2\/comments?post=1250"}],"wp:featuredmedia":[{"embeddable":true,"href":"https:\/\/vizomix.hu\/en\/wp-json\/wp\/v2\/media\/6683"}],"wp:attachment":[{"href":"https:\/\/vizomix.hu\/en\/wp-json\/wp\/v2\/media?parent=1250"}],"wp:term":[{"taxonomy":"product_brand","embeddable":true,"href":"https:\/\/vizomix.hu\/en\/wp-json\/wp\/v2\/product_brand?post=1250"},{"taxonomy":"product_cat","embeddable":true,"href":"https:\/\/vizomix.hu\/en\/wp-json\/wp\/v2\/product_cat?post=1250"},{"taxonomy":"product_tag","embeddable":true,"href":"https:\/\/vizomix.hu\/en\/wp-json\/wp\/v2\/product_tag?post=1250"}],"curies":[{"name":"wp","href":"https:\/\/api.w.org\/{rel}","templated":true}]}}