{"id":1246,"date":"2026-02-11T22:26:37","date_gmt":"2026-02-11T21:26:37","guid":{"rendered":"https:\/\/vizomix.hu\/termek\/zara-madeira-rovid-ruha-5\/"},"modified":"2026-03-18T13:21:18","modified_gmt":"2026-03-18T12:21:18","slug":"zara-madeira-rovid-ruha-5","status":"publish","type":"product","link":"https:\/\/vizomix.hu\/en\/product\/zara-madeira-rovid-ruha-5\/","title":{"rendered":"Zara fekete 100% pamut, Madeira ruha buggyos ujjal"},"content":{"rendered":"<p>Zara fekete 100% pamut Madeira ruha \u2013 buggyos ujjal<\/p>\n<p>N\u0151ies \u00e9s eleg\u00e1ns darab, amely k\u00e9nyelmes viseletet biztos\u00edt eg\u00e9sz napra. Ez a Zara fekete Madeira ruha 100% pamut anyagb\u00f3l k\u00e9sz\u00fclt, \u00edgy puha \u00e9s l\u00e9g\u00e1tereszt\u0151, mik\u00f6zben kifinomult megjelen\u00e9st k\u00edn\u00e1l.<\/p>\n<p>A buggyos ujjak j\u00e1t\u00e9kos, romantikus r\u00e9szletk\u00e9nt emelik ki a ruh\u00e1t, mik\u00f6zben a klasszikus fekete sz\u00edn id\u0151tlen eleganci\u00e1t sugall. Ide\u00e1lis v\u00e1laszt\u00e1s h\u00e9tk\u00f6znapi viselethez, alkalmi esem\u00e9nyekre vagy csinos, esti outfitekhez.<br \/>\nM\u00e9retez\u00e9s: M\u00e9reth\u0171<\/p>","protected":false},"excerpt":{"rendered":"<p>Zara fekete 100% pamut Madeira ruha \u2013 buggyos ujjal N\u0151ies \u00e9s eleg\u00e1ns darab, amely k\u00e9nyelmes viseletet biztos\u00edt eg\u00e9sz napra. Ez<a class=\"read-more\" href=\"https:\/\/vizomix.hu\/en\/product\/zara-madeira-rovid-ruha-5\/\">Tov\u00e1bb<\/a><\/p>","protected":false},"featured_media":1244,"comment_status":"open","ping_status":"closed","template":"","meta":[],"product_brand":[76],"product_cat":[34],"product_tag":[],"class_list":{"0":"post-1246","1":"product","2":"type-product","3":"status-publish","4":"has-post-thumbnail","6":"product_brand-zara","7":"product_cat-rovid-ruhak-overalok","9":"first","10":"instock","11":"taxable","12":"shipping-taxable","13":"purchasable","14":"product-type-variable","15":"add-to-wishlist-before_add_to_cart"},"supplier_id":null,"supplier_sku":"","barcode":null,"atum_controlled":true,"out_stock_date":null,"out_stock_threshold":null,"inheritable":false,"inbound_stock":0,"stock_on_hold":0,"sold_today":0,"sales_last_days":0,"reserved_stock":0,"customer_returns":0,"warehouse_damage":0,"lost_in_post":0,"other_logs":0,"out_stock_days":0,"lost_sales":0,"has_location":false,"update_date":"2026-03-18T12:21:19","atum_locations":[],"atum_stock_status":"instock","restock_status":false,"low_stock_amount":"","sales_update_date":"2026-03-17T19:15:20","calc_backorders":null,"_links":{"self":[{"href":"https:\/\/vizomix.hu\/en\/wp-json\/wp\/v2\/product\/1246","targetHints":{"allow":["GET"]}}],"collection":[{"href":"https:\/\/vizomix.hu\/en\/wp-json\/wp\/v2\/product"}],"about":[{"href":"https:\/\/vizomix.hu\/en\/wp-json\/wp\/v2\/types\/product"}],"replies":[{"embeddable":true,"href":"https:\/\/vizomix.hu\/en\/wp-json\/wp\/v2\/comments?post=1246"}],"wp:featuredmedia":[{"embeddable":true,"href":"https:\/\/vizomix.hu\/en\/wp-json\/wp\/v2\/media\/1244"}],"wp:attachment":[{"href":"https:\/\/vizomix.hu\/en\/wp-json\/wp\/v2\/media?parent=1246"}],"wp:term":[{"taxonomy":"product_brand","embeddable":true,"href":"https:\/\/vizomix.hu\/en\/wp-json\/wp\/v2\/product_brand?post=1246"},{"taxonomy":"product_cat","embeddable":true,"href":"https:\/\/vizomix.hu\/en\/wp-json\/wp\/v2\/product_cat?post=1246"},{"taxonomy":"product_tag","embeddable":true,"href":"https:\/\/vizomix.hu\/en\/wp-json\/wp\/v2\/product_tag?post=1246"}],"curies":[{"name":"wp","href":"https:\/\/api.w.org\/{rel}","templated":true}]}}