{"id":1240,"date":"2026-02-11T22:24:33","date_gmt":"2026-02-11T21:24:33","guid":{"rendered":"https:\/\/vizomix.hu\/termek\/zara-hosszu-overall\/"},"modified":"2026-03-18T13:21:18","modified_gmt":"2026-03-18T12:21:18","slug":"zara-hosszu-overall","status":"publish","type":"product","link":"https:\/\/vizomix.hu\/en\/product\/zara-hosszu-overall\/","title":{"rendered":"Zara mint green long pretty satin jumpsuit with halter"},"content":{"rendered":"<p>Zara hossz\u00fa csinos mentha z\u00f6ld over\u00e1ll \u2013 szat\u00e9n anyag, k\u00f6t\u0151vel<\/p>\n<p>Eleg\u00e1ns \u00e9s n\u0151ies darab, amely st\u00edlusos megjelen\u00e9st biztos\u00edt minden alkalomra. Ez a Zara hossz\u00fa over\u00e1ll finom, szat\u00e9n hat\u00e1s\u00fa anyagb\u00f3l k\u00e9sz\u00fclt, l\u00e1gy es\u00e9s\u00e9vel \u00e9s csinos szab\u00e1s\u00e1val kifinomult, figyelemfelkelt\u0151 viseletet ny\u00fajt.<\/p>\n<p>A hozz\u00e1 tartoz\u00f3 k\u00f6t\u0151 finoman hangs\u00falyozza a der\u00e9kvonalat, mik\u00f6zben st\u00edlusos r\u00e9szletk\u00e9nt emeli ki a ruhadarabot. T\u00f6k\u00e9letes v\u00e1laszt\u00e1s alkalmi esem\u00e9nyekre, esti programokra vagy eleg\u00e1ns h\u00e9tk\u00f6znapi outfitekhez.<br \/>\nM\u00e9retez\u00e9s: M\u00e9reth\u0171<\/p>","protected":false},"excerpt":{"rendered":"<p>Zara hossz\u00fa csinos mentha z\u00f6ld over\u00e1ll \u2013 szat\u00e9n anyag, k\u00f6t\u0151vel Eleg\u00e1ns \u00e9s n\u0151ies darab, amely st\u00edlusos megjelen\u00e9st biztos\u00edt minden alkalomra.<a class=\"read-more\" href=\"https:\/\/vizomix.hu\/en\/product\/zara-hosszu-overall\/\">Tov\u00e1bb<\/a><\/p>","protected":false},"featured_media":1238,"comment_status":"open","ping_status":"closed","template":"","meta":[],"product_brand":[76],"product_cat":[33],"product_tag":[],"class_list":{"0":"post-1240","1":"product","2":"type-product","3":"status-publish","4":"has-post-thumbnail","6":"product_brand-zara","7":"product_cat-hosszu-ruhak-midi-ruhak-overalok","9":"first","10":"instock","11":"taxable","12":"shipping-taxable","13":"purchasable","14":"product-type-variable","15":"add-to-wishlist-before_add_to_cart"},"supplier_id":null,"supplier_sku":"","barcode":null,"atum_controlled":true,"out_stock_date":null,"out_stock_threshold":null,"inheritable":false,"inbound_stock":0,"stock_on_hold":0,"sold_today":0,"sales_last_days":0,"reserved_stock":0,"customer_returns":0,"warehouse_damage":0,"lost_in_post":0,"other_logs":0,"out_stock_days":0,"lost_sales":0,"has_location":false,"update_date":"2026-03-18T12:21:19","atum_locations":[],"atum_stock_status":"instock","restock_status":false,"low_stock_amount":"","sales_update_date":"2026-03-17T19:15:20","calc_backorders":null,"_links":{"self":[{"href":"https:\/\/vizomix.hu\/en\/wp-json\/wp\/v2\/product\/1240","targetHints":{"allow":["GET"]}}],"collection":[{"href":"https:\/\/vizomix.hu\/en\/wp-json\/wp\/v2\/product"}],"about":[{"href":"https:\/\/vizomix.hu\/en\/wp-json\/wp\/v2\/types\/product"}],"replies":[{"embeddable":true,"href":"https:\/\/vizomix.hu\/en\/wp-json\/wp\/v2\/comments?post=1240"}],"wp:featuredmedia":[{"embeddable":true,"href":"https:\/\/vizomix.hu\/en\/wp-json\/wp\/v2\/media\/1238"}],"wp:attachment":[{"href":"https:\/\/vizomix.hu\/en\/wp-json\/wp\/v2\/media?parent=1240"}],"wp:term":[{"taxonomy":"product_brand","embeddable":true,"href":"https:\/\/vizomix.hu\/en\/wp-json\/wp\/v2\/product_brand?post=1240"},{"taxonomy":"product_cat","embeddable":true,"href":"https:\/\/vizomix.hu\/en\/wp-json\/wp\/v2\/product_cat?post=1240"},{"taxonomy":"product_tag","embeddable":true,"href":"https:\/\/vizomix.hu\/en\/wp-json\/wp\/v2\/product_tag?post=1240"}],"curies":[{"name":"wp","href":"https:\/\/api.w.org\/{rel}","templated":true}]}}