{"id":1232,"date":"2026-02-11T22:20:13","date_gmt":"2026-02-11T21:20:13","guid":{"rendered":"https:\/\/vizomix.hu\/termek\/zara-rovid-ruha-10\/"},"modified":"2026-03-18T13:21:18","modified_gmt":"2026-03-18T12:21:18","slug":"zara-rovid-ruha-10","status":"publish","type":"product","link":"https:\/\/vizomix.hu\/en\/product\/zara-rovid-ruha-10\/","title":{"rendered":"Zara piros mint\u00e1s mint\u00e1 lezser ruha gumis der\u00e9kkel"},"content":{"rendered":"<p>Zara piros mint\u00e1s lezser ruha \u2013 gumis der\u00e9kkal \u00e9s passz\u00e9kkal<\/p>\n<p>K\u00e9nyelmes \u00e9s n\u0151ies darab, amely k\u00f6nnyed, lezser megjelen\u00e9st biztos\u00edt. Ez a Zara piros mint\u00e1s ruha laza szab\u00e1s\u00fa, puha anyagb\u00f3l k\u00e9sz\u00fclt, \u00edgy ide\u00e1lis v\u00e1laszt\u00e1s a h\u00e9tk\u00f6znapi viselethez.<\/p>\n<p>A gumis der\u00e9k \u00e9s a passz\u00e9k finoman kiemelik a sziluettet, mik\u00f6zben k\u00e9nyelmes mozg\u00e1st biztos\u00edtanak. T\u00f6k\u00e9letes v\u00e1laszt\u00e1s ny\u00e1ri napokra, v\u00e1rosi s\u00e9t\u00e1khoz vagy csinos h\u00e9tk\u00f6znapi outfitekhez.<br \/>\nM\u00e9retez\u00e9s: m\u00e9reth\u0171<\/p>","protected":false},"excerpt":{"rendered":"<p>Zara piros mint\u00e1s lezser ruha \u2013 gumis der\u00e9kkal \u00e9s passz\u00e9kkal K\u00e9nyelmes \u00e9s n\u0151ies darab, amely k\u00f6nnyed, lezser megjelen\u00e9st biztos\u00edt. Ez<a class=\"read-more\" href=\"https:\/\/vizomix.hu\/en\/product\/zara-rovid-ruha-10\/\">Tov\u00e1bb<\/a><\/p>","protected":false},"featured_media":1230,"comment_status":"open","ping_status":"closed","template":"","meta":[],"product_brand":[76],"product_cat":[34],"product_tag":[],"class_list":{"0":"post-1232","1":"product","2":"type-product","3":"status-publish","4":"has-post-thumbnail","6":"product_brand-zara","7":"product_cat-rovid-ruhak-overalok","9":"first","10":"instock","11":"taxable","12":"shipping-taxable","13":"purchasable","14":"product-type-variable","15":"add-to-wishlist-before_add_to_cart"},"supplier_id":null,"supplier_sku":"","barcode":null,"atum_controlled":true,"out_stock_date":null,"out_stock_threshold":null,"inheritable":false,"inbound_stock":null,"stock_on_hold":0,"sold_today":0,"sales_last_days":0,"reserved_stock":null,"customer_returns":null,"warehouse_damage":null,"lost_in_post":null,"other_logs":null,"out_stock_days":0,"lost_sales":0,"has_location":null,"update_date":"2026-03-18T12:21:19","atum_locations":[],"atum_stock_status":"instock","restock_status":false,"low_stock_amount":"","sales_update_date":"2026-03-17T19:15:19","calc_backorders":null,"_links":{"self":[{"href":"https:\/\/vizomix.hu\/en\/wp-json\/wp\/v2\/product\/1232","targetHints":{"allow":["GET"]}}],"collection":[{"href":"https:\/\/vizomix.hu\/en\/wp-json\/wp\/v2\/product"}],"about":[{"href":"https:\/\/vizomix.hu\/en\/wp-json\/wp\/v2\/types\/product"}],"replies":[{"embeddable":true,"href":"https:\/\/vizomix.hu\/en\/wp-json\/wp\/v2\/comments?post=1232"}],"wp:featuredmedia":[{"embeddable":true,"href":"https:\/\/vizomix.hu\/en\/wp-json\/wp\/v2\/media\/1230"}],"wp:attachment":[{"href":"https:\/\/vizomix.hu\/en\/wp-json\/wp\/v2\/media?parent=1232"}],"wp:term":[{"taxonomy":"product_brand","embeddable":true,"href":"https:\/\/vizomix.hu\/en\/wp-json\/wp\/v2\/product_brand?post=1232"},{"taxonomy":"product_cat","embeddable":true,"href":"https:\/\/vizomix.hu\/en\/wp-json\/wp\/v2\/product_cat?post=1232"},{"taxonomy":"product_tag","embeddable":true,"href":"https:\/\/vizomix.hu\/en\/wp-json\/wp\/v2\/product_tag?post=1232"}],"curies":[{"name":"wp","href":"https:\/\/api.w.org\/{rel}","templated":true}]}}