{"id":1228,"date":"2026-02-11T22:18:19","date_gmt":"2026-02-11T21:18:19","guid":{"rendered":"https:\/\/vizomix.hu\/termek\/zara-hosszu-ingruha-4\/"},"modified":"2026-03-18T13:21:18","modified_gmt":"2026-03-18T12:21:18","slug":"zara-hosszu-ingruha-4","status":"publish","type":"product","link":"https:\/\/vizomix.hu\/en\/product\/zara-hosszu-ingruha-4\/","title":{"rendered":"Zara fekete textured hossz\u00fa ingruha, gombos z\u00e1r\u00f3d\u00e1ssal"},"content":{"rendered":"<p>Zara fekete textur\u00e1lt hossz\u00fa ingruha \u2013 el\u00fcls\u0151 gombokkal<\/p>\n<p>Eleg\u00e1ns \u00e9s n\u0151ies darab, amely st\u00edlusos megjelen\u00e9st biztos\u00edt minden alkalomra. Ez a Zara fekete hossz\u00fa ingruha finom text\u00far\u00e1j\u00fa anyagb\u00f3l k\u00e9sz\u00fclt, \u00edgy k\u00fcl\u00f6nleges, kifinomult hat\u00e1st kelt.<\/p>\n<p>Az el\u00fcls\u0151 gombos r\u00f6gz\u00edt\u00e9s klasszikus r\u00e9szletk\u00e9nt emeli ki a fazont, mik\u00f6zben praktikus fel- \u00e9s lev\u00e9telt biztos\u00edt. T\u00f6k\u00e9letes v\u00e1laszt\u00e1s h\u00e9tk\u00f6znapi viselethez, irod\u00e1ba vagy alkalmi outfitekhez, k\u00f6nnyen kombin\u00e1lhat\u00f3 \u00f6vvel vagy csinos kieg\u00e9sz\u00edt\u0151kkel.<br \/>\nM\u00e9retez\u00e9s: m\u00e9reth\u0171 <\/p>","protected":false},"excerpt":{"rendered":"<p>Zara fekete textur\u00e1lt hossz\u00fa ingruha \u2013 el\u00fcls\u0151 gombokkal Eleg\u00e1ns \u00e9s n\u0151ies darab, amely st\u00edlusos megjelen\u00e9st biztos\u00edt minden alkalomra. Ez a<a class=\"read-more\" href=\"https:\/\/vizomix.hu\/en\/product\/zara-hosszu-ingruha-4\/\">Tov\u00e1bb<\/a><\/p>","protected":false},"featured_media":1226,"comment_status":"open","ping_status":"closed","template":"","meta":[],"product_brand":[76],"product_cat":[33],"product_tag":[],"class_list":{"0":"post-1228","1":"product","2":"type-product","3":"status-publish","4":"has-post-thumbnail","6":"product_brand-zara","7":"product_cat-hosszu-ruhak-midi-ruhak-overalok","9":"first","10":"instock","11":"taxable","12":"shipping-taxable","13":"purchasable","14":"product-type-variable","15":"add-to-wishlist-before_add_to_cart"},"supplier_id":null,"supplier_sku":"","barcode":null,"atum_controlled":true,"out_stock_date":null,"out_stock_threshold":null,"inheritable":false,"inbound_stock":0,"stock_on_hold":0,"sold_today":0,"sales_last_days":0,"reserved_stock":0,"customer_returns":0,"warehouse_damage":0,"lost_in_post":0,"other_logs":0,"out_stock_days":0,"lost_sales":0,"has_location":false,"update_date":"2026-03-18T12:21:19","atum_locations":[],"atum_stock_status":"instock","restock_status":false,"low_stock_amount":"","sales_update_date":"2026-03-17T19:15:19","calc_backorders":null,"_links":{"self":[{"href":"https:\/\/vizomix.hu\/en\/wp-json\/wp\/v2\/product\/1228","targetHints":{"allow":["GET"]}}],"collection":[{"href":"https:\/\/vizomix.hu\/en\/wp-json\/wp\/v2\/product"}],"about":[{"href":"https:\/\/vizomix.hu\/en\/wp-json\/wp\/v2\/types\/product"}],"replies":[{"embeddable":true,"href":"https:\/\/vizomix.hu\/en\/wp-json\/wp\/v2\/comments?post=1228"}],"wp:featuredmedia":[{"embeddable":true,"href":"https:\/\/vizomix.hu\/en\/wp-json\/wp\/v2\/media\/1226"}],"wp:attachment":[{"href":"https:\/\/vizomix.hu\/en\/wp-json\/wp\/v2\/media?parent=1228"}],"wp:term":[{"taxonomy":"product_brand","embeddable":true,"href":"https:\/\/vizomix.hu\/en\/wp-json\/wp\/v2\/product_brand?post=1228"},{"taxonomy":"product_cat","embeddable":true,"href":"https:\/\/vizomix.hu\/en\/wp-json\/wp\/v2\/product_cat?post=1228"},{"taxonomy":"product_tag","embeddable":true,"href":"https:\/\/vizomix.hu\/en\/wp-json\/wp\/v2\/product_tag?post=1228"}],"curies":[{"name":"wp","href":"https:\/\/api.w.org\/{rel}","templated":true}]}}