{"id":1222,"date":"2026-02-11T22:16:52","date_gmt":"2026-02-11T21:16:52","guid":{"rendered":"https:\/\/vizomix.hu\/termek\/zara-hosszu-ingruha-3\/"},"modified":"2026-03-18T13:21:18","modified_gmt":"2026-03-18T12:21:18","slug":"zara-hosszu-ingruha-3","status":"publish","type":"product","link":"https:\/\/vizomix.hu\/en\/product\/zara-hosszu-ingruha-3\/","title":{"rendered":"Zara khaki linen long shirt with knit"},"content":{"rendered":"<p>Zara khaki lenv\u00e1szon hossz\u00fa ingruha \u2013 k\u00f6t\u0151vel<\/p>\n<p>K\u00e9nyelmes \u00e9s n\u0151ies darab, amely st\u00edlusos megjelen\u00e9st biztos\u00edt minden nap. Ez a Zara khaki hossz\u00fa ingruha k\u00f6nny\u0171, l\u00e9g\u00e1tereszt\u0151 lenv\u00e1szon anyagb\u00f3l k\u00e9sz\u00fclt, \u00edgy ide\u00e1lis v\u00e1laszt\u00e1s melegebb napokra.<\/p>\n<p>A hozz\u00e1 tartoz\u00f3 k\u00f6t\u0151 hangs\u00falyozza a der\u00e9kvonalat, mik\u00f6zben finom, csinos r\u00e9szletk\u00e9nt emeli ki a ruhadarabot. T\u00f6k\u00e9letes v\u00e1laszt\u00e1s h\u00e9tk\u00f6znapi viselethez, szabadt\u00e9ri programokra vagy k\u00f6nnyed, eleg\u00e1ns outfitekhez.<br \/>\nM\u00e9retez\u00e9s: m\u00e9reth\u0171<\/p>","protected":false},"excerpt":{"rendered":"<p>Zara khaki lenv\u00e1szon hossz\u00fa ingruha \u2013 k\u00f6t\u0151vel K\u00e9nyelmes \u00e9s n\u0151ies darab, amely st\u00edlusos megjelen\u00e9st biztos\u00edt minden nap. Ez a Zara<a class=\"read-more\" href=\"https:\/\/vizomix.hu\/en\/product\/zara-hosszu-ingruha-3\/\">Tov\u00e1bb<\/a><\/p>","protected":false},"featured_media":1220,"comment_status":"open","ping_status":"closed","template":"","meta":[],"product_brand":[76],"product_cat":[33],"product_tag":[],"class_list":{"0":"post-1222","1":"product","2":"type-product","3":"status-publish","4":"has-post-thumbnail","6":"product_brand-zara","7":"product_cat-hosszu-ruhak-midi-ruhak-overalok","9":"first","10":"instock","11":"taxable","12":"shipping-taxable","13":"purchasable","14":"product-type-variable","15":"add-to-wishlist-before_add_to_cart"},"supplier_id":null,"supplier_sku":"","barcode":null,"atum_controlled":true,"out_stock_date":null,"out_stock_threshold":null,"inheritable":false,"inbound_stock":0,"stock_on_hold":0,"sold_today":0,"sales_last_days":0,"reserved_stock":0,"customer_returns":0,"warehouse_damage":0,"lost_in_post":0,"other_logs":0,"out_stock_days":0,"lost_sales":0,"has_location":false,"update_date":"2026-03-18T12:21:19","atum_locations":[],"atum_stock_status":"instock","restock_status":false,"low_stock_amount":"","sales_update_date":"2026-03-17T19:15:19","calc_backorders":null,"_links":{"self":[{"href":"https:\/\/vizomix.hu\/en\/wp-json\/wp\/v2\/product\/1222","targetHints":{"allow":["GET"]}}],"collection":[{"href":"https:\/\/vizomix.hu\/en\/wp-json\/wp\/v2\/product"}],"about":[{"href":"https:\/\/vizomix.hu\/en\/wp-json\/wp\/v2\/types\/product"}],"replies":[{"embeddable":true,"href":"https:\/\/vizomix.hu\/en\/wp-json\/wp\/v2\/comments?post=1222"}],"wp:featuredmedia":[{"embeddable":true,"href":"https:\/\/vizomix.hu\/en\/wp-json\/wp\/v2\/media\/1220"}],"wp:attachment":[{"href":"https:\/\/vizomix.hu\/en\/wp-json\/wp\/v2\/media?parent=1222"}],"wp:term":[{"taxonomy":"product_brand","embeddable":true,"href":"https:\/\/vizomix.hu\/en\/wp-json\/wp\/v2\/product_brand?post=1222"},{"taxonomy":"product_cat","embeddable":true,"href":"https:\/\/vizomix.hu\/en\/wp-json\/wp\/v2\/product_cat?post=1222"},{"taxonomy":"product_tag","embeddable":true,"href":"https:\/\/vizomix.hu\/en\/wp-json\/wp\/v2\/product_tag?post=1222"}],"curies":[{"name":"wp","href":"https:\/\/api.w.org\/{rel}","templated":true}]}}