{"id":1216,"date":"2026-02-11T22:14:30","date_gmt":"2026-02-11T21:14:30","guid":{"rendered":"https:\/\/vizomix.hu\/termek\/zara-pufi-kabat-2\/"},"modified":"2026-03-18T13:21:18","modified_gmt":"2026-03-18T12:21:18","slug":"zara-pufi-kabat-2","status":"publish","type":"product","link":"https:\/\/vizomix.hu\/en\/product\/zara-pufi-kabat-2\/","title":{"rendered":"Zara b\u00e9zs nagyon meleg toll t\u00f6ltet\u0171 pufi kab\u00e1t"},"content":{"rendered":"<p>Zara b\u00e9zs toll pufi kab\u00e1t \u2013 nagyon meleg, nagyobb m\u00e9retez\u00e9s<\/p>\n<p>K\u00e9nyelmes \u00e9s praktikus v\u00e1laszt\u00e1s a hideg t\u00e9li napokra. Ez a Zara b\u00e9zs pufi kab\u00e1t puha t\u00f6ltettel k\u00e9sz\u00fclt, \u00edgy extra meleget biztos\u00edt, mik\u00f6zben modern, letisztult megjelen\u00e9st k\u00edn\u00e1l.<\/p>\n<p>A nagyobb m\u00e9retez\u00e9s lehet\u0151v\u00e9 teszi a r\u00e9tegez\u00e9st, \u00edgy pul\u00f3verekkel vagy vastagabb ruhadarabokkal is k\u00e9nyelmesen viselhet\u0151. Ide\u00e1lis v\u00e1laszt\u00e1s h\u00e9tk\u00f6znapi viselethez, v\u00e1rosi s\u00e9t\u00e1khoz vagy szabadt\u00e9ri programokra.<br \/>\nM\u00e9retez\u00e9s: Nagyobb m\u00e9ret<\/p>","protected":false},"excerpt":{"rendered":"<p>Zara b\u00e9zs toll pufi kab\u00e1t \u2013 nagyon meleg, nagyobb m\u00e9retez\u00e9s K\u00e9nyelmes \u00e9s praktikus v\u00e1laszt\u00e1s a hideg t\u00e9li napokra. Ez a<a class=\"read-more\" href=\"https:\/\/vizomix.hu\/en\/product\/zara-pufi-kabat-2\/\">Tov\u00e1bb<\/a><\/p>","protected":false},"featured_media":1214,"comment_status":"open","ping_status":"closed","template":"","meta":[],"product_brand":[76],"product_cat":[23],"product_tag":[],"class_list":{"0":"post-1216","1":"product","2":"type-product","3":"status-publish","4":"has-post-thumbnail","6":"product_brand-zara","7":"product_cat-kabatok","9":"first","10":"instock","11":"taxable","12":"shipping-taxable","13":"purchasable","14":"product-type-variable","15":"add-to-wishlist-before_add_to_cart"},"supplier_id":null,"supplier_sku":"","barcode":null,"atum_controlled":true,"out_stock_date":null,"out_stock_threshold":null,"inheritable":false,"inbound_stock":null,"stock_on_hold":0,"sold_today":0,"sales_last_days":0,"reserved_stock":null,"customer_returns":null,"warehouse_damage":null,"lost_in_post":null,"other_logs":null,"out_stock_days":0,"lost_sales":0,"has_location":null,"update_date":"2026-03-18T12:21:19","atum_locations":[],"atum_stock_status":"instock","restock_status":false,"low_stock_amount":"","sales_update_date":"2026-03-17T19:15:19","calc_backorders":null,"_links":{"self":[{"href":"https:\/\/vizomix.hu\/en\/wp-json\/wp\/v2\/product\/1216","targetHints":{"allow":["GET"]}}],"collection":[{"href":"https:\/\/vizomix.hu\/en\/wp-json\/wp\/v2\/product"}],"about":[{"href":"https:\/\/vizomix.hu\/en\/wp-json\/wp\/v2\/types\/product"}],"replies":[{"embeddable":true,"href":"https:\/\/vizomix.hu\/en\/wp-json\/wp\/v2\/comments?post=1216"}],"wp:featuredmedia":[{"embeddable":true,"href":"https:\/\/vizomix.hu\/en\/wp-json\/wp\/v2\/media\/1214"}],"wp:attachment":[{"href":"https:\/\/vizomix.hu\/en\/wp-json\/wp\/v2\/media?parent=1216"}],"wp:term":[{"taxonomy":"product_brand","embeddable":true,"href":"https:\/\/vizomix.hu\/en\/wp-json\/wp\/v2\/product_brand?post=1216"},{"taxonomy":"product_cat","embeddable":true,"href":"https:\/\/vizomix.hu\/en\/wp-json\/wp\/v2\/product_cat?post=1216"},{"taxonomy":"product_tag","embeddable":true,"href":"https:\/\/vizomix.hu\/en\/wp-json\/wp\/v2\/product_tag?post=1216"}],"curies":[{"name":"wp","href":"https:\/\/api.w.org\/{rel}","templated":true}]}}