{"id":1209,"date":"2026-02-11T22:12:12","date_gmt":"2026-02-11T21:12:12","guid":{"rendered":"https:\/\/vizomix.hu\/termek\/zara-rovid-melleny-3\/"},"modified":"2026-03-18T13:21:18","modified_gmt":"2026-03-18T12:21:18","slug":"zara-rovid-melleny-3","status":"publish","type":"product","link":"https:\/\/vizomix.hu\/en\/product\/zara-rovid-melleny-3\/","title":{"rendered":"Zara vil\u00e1gosbarna vel\u00far r\u00f6vid mell\u00e9ny, bund\u00e1s b\u00e9l\u00e9ssel"},"content":{"rendered":"<p>Zara vil\u00e1gosbarna vel\u00far r\u00f6vid mell\u00e9ny \u2013 csinos \u00e9s meleg<\/p>\n<p>St\u00edlusos \u00e9s k\u00e9nyelmes darab, amely t\u00f6k\u00e9letes v\u00e1laszt\u00e1s az \u00e1tmeneti id\u0151szakokra. Ez a Zara vil\u00e1gosbarna r\u00f6vid mell\u00e9ny puha vel\u00far anyagb\u00f3l k\u00e9sz\u00fclt, meleg viseletet biztos\u00edtva.<\/p>\n<p>Csinos szab\u00e1sa n\u0151ies megjelen\u00e9st k\u00f6lcs\u00f6n\u00f6z, mik\u00f6zben k\u00f6nnyen kombin\u00e1lhat\u00f3 hossz\u00fa ujj\u00fa fels\u0151kkel vagy ingekkel. Ide\u00e1lis v\u00e1laszt\u00e1s h\u00e9tk\u00f6znapi outfitekhez, v\u00e1rosi s\u00e9t\u00e1khoz vagy st\u00edlusos r\u00e9teges megjelen\u00e9shez.<br \/>\nM\u00e9retez\u00e9s: m\u00e9reth\u0171<\/p>","protected":false},"excerpt":{"rendered":"<p>Zara vil\u00e1gosbarna vel\u00far r\u00f6vid mell\u00e9ny \u2013 csinos \u00e9s meleg St\u00edlusos \u00e9s k\u00e9nyelmes darab, amely t\u00f6k\u00e9letes v\u00e1laszt\u00e1s az \u00e1tmeneti id\u0151szakokra. Ez<a class=\"read-more\" href=\"https:\/\/vizomix.hu\/en\/product\/zara-rovid-melleny-3\/\">Tov\u00e1bb<\/a><\/p>","protected":false},"featured_media":1206,"comment_status":"open","ping_status":"closed","template":"","meta":[],"product_brand":[76],"product_cat":[37],"product_tag":[],"class_list":{"0":"post-1209","1":"product","2":"type-product","3":"status-publish","4":"has-post-thumbnail","6":"product_brand-zara","7":"product_cat-mellenyek","9":"first","10":"instock","11":"taxable","12":"shipping-taxable","13":"purchasable","14":"product-type-variable","15":"add-to-wishlist-before_add_to_cart"},"supplier_id":null,"supplier_sku":"","barcode":null,"atum_controlled":true,"out_stock_date":null,"out_stock_threshold":null,"inheritable":false,"inbound_stock":0,"stock_on_hold":0,"sold_today":0,"sales_last_days":0,"reserved_stock":0,"customer_returns":0,"warehouse_damage":0,"lost_in_post":0,"other_logs":0,"out_stock_days":0,"lost_sales":0,"has_location":false,"update_date":"2026-03-18T12:21:19","atum_locations":[],"atum_stock_status":"instock","restock_status":false,"low_stock_amount":"","sales_update_date":"2026-03-17T19:15:19","calc_backorders":null,"_links":{"self":[{"href":"https:\/\/vizomix.hu\/en\/wp-json\/wp\/v2\/product\/1209","targetHints":{"allow":["GET"]}}],"collection":[{"href":"https:\/\/vizomix.hu\/en\/wp-json\/wp\/v2\/product"}],"about":[{"href":"https:\/\/vizomix.hu\/en\/wp-json\/wp\/v2\/types\/product"}],"replies":[{"embeddable":true,"href":"https:\/\/vizomix.hu\/en\/wp-json\/wp\/v2\/comments?post=1209"}],"wp:featuredmedia":[{"embeddable":true,"href":"https:\/\/vizomix.hu\/en\/wp-json\/wp\/v2\/media\/1206"}],"wp:attachment":[{"href":"https:\/\/vizomix.hu\/en\/wp-json\/wp\/v2\/media?parent=1209"}],"wp:term":[{"taxonomy":"product_brand","embeddable":true,"href":"https:\/\/vizomix.hu\/en\/wp-json\/wp\/v2\/product_brand?post=1209"},{"taxonomy":"product_cat","embeddable":true,"href":"https:\/\/vizomix.hu\/en\/wp-json\/wp\/v2\/product_cat?post=1209"},{"taxonomy":"product_tag","embeddable":true,"href":"https:\/\/vizomix.hu\/en\/wp-json\/wp\/v2\/product_tag?post=1209"}],"curies":[{"name":"wp","href":"https:\/\/api.w.org\/{rel}","templated":true}]}}