{"id":1203,"date":"2026-02-11T22:09:50","date_gmt":"2026-02-11T21:09:50","guid":{"rendered":"https:\/\/vizomix.hu\/termek\/zara-rovid-melleny-2\/"},"modified":"2026-03-18T13:21:18","modified_gmt":"2026-03-18T12:21:18","slug":"zara-rovid-melleny-2","status":"publish","type":"product","link":"https:\/\/vizomix.hu\/en\/product\/zara-rovid-melleny-2\/","title":{"rendered":"Zara s\u00f6t\u00e9tbarna bund\u00e1s m\u0171b\u0151r r\u00f6vid mell\u00e9ny"},"content":{"rendered":"<p>Zara s\u00f6t\u00e9tbarna bund\u00e1s m\u0171b\u0151r r\u00f6vid mell\u00e9ny<\/p>\n<p>Meleg \u00e9s st\u00edlusos darab, amely t\u00f6k\u00e9letes v\u00e1laszt\u00e1s a h\u0171v\u00f6sebb napokra. Ez a Zara s\u00f6t\u00e9tbarna r\u00f6vid mell\u00e9ny puha, bund\u00e1s m\u0171b\u0151r anyagb\u00f3l k\u00e9sz\u00fclt, \u00edgy k\u00e9nyelmes \u00e9s trendi viseletet biztos\u00edt.<\/p>\n<p>Laza szab\u00e1s\u00e1nak k\u00f6sz\u00f6nhet\u0151en r\u00e9tegezhet\u0151, k\u00f6nnyen kombin\u00e1lhat\u00f3 hossz\u00fa ujj\u00fa fels\u0151kkel, ingekkel vagy pul\u00f3verekkel. Ide\u00e1lis v\u00e1laszt\u00e1s h\u00e9tk\u00f6znapi outfitekhez, v\u00e1rosi s\u00e9t\u00e1khoz vagy st\u00edlusos r\u00e9teges megjelen\u00e9shez.<br \/>\nM\u00e9retez\u00e9s: Kisebb m\u00e9ret <\/p>","protected":false},"excerpt":{"rendered":"<p>Zara s\u00f6t\u00e9tbarna bund\u00e1s m\u0171b\u0151r r\u00f6vid mell\u00e9ny Meleg \u00e9s st\u00edlusos darab, amely t\u00f6k\u00e9letes v\u00e1laszt\u00e1s a h\u0171v\u00f6sebb napokra. Ez a Zara s\u00f6t\u00e9tbarna<a class=\"read-more\" href=\"https:\/\/vizomix.hu\/en\/product\/zara-rovid-melleny-2\/\">Tov\u00e1bb<\/a><\/p>","protected":false},"featured_media":1200,"comment_status":"open","ping_status":"closed","template":"","meta":[],"product_brand":[76],"product_cat":[37],"product_tag":[],"class_list":{"0":"post-1203","1":"product","2":"type-product","3":"status-publish","4":"has-post-thumbnail","6":"product_brand-zara","7":"product_cat-mellenyek","9":"first","10":"instock","11":"taxable","12":"shipping-taxable","13":"purchasable","14":"product-type-variable","15":"add-to-wishlist-before_add_to_cart"},"supplier_id":null,"supplier_sku":"","barcode":null,"atum_controlled":true,"out_stock_date":null,"out_stock_threshold":null,"inheritable":false,"inbound_stock":0,"stock_on_hold":0,"sold_today":0,"sales_last_days":0,"reserved_stock":0,"customer_returns":0,"warehouse_damage":0,"lost_in_post":0,"other_logs":0,"out_stock_days":0,"lost_sales":0,"has_location":false,"update_date":"2026-03-18T12:21:19","atum_locations":[],"atum_stock_status":"instock","restock_status":false,"low_stock_amount":"","sales_update_date":"2026-03-17T19:15:19","calc_backorders":null,"_links":{"self":[{"href":"https:\/\/vizomix.hu\/en\/wp-json\/wp\/v2\/product\/1203","targetHints":{"allow":["GET"]}}],"collection":[{"href":"https:\/\/vizomix.hu\/en\/wp-json\/wp\/v2\/product"}],"about":[{"href":"https:\/\/vizomix.hu\/en\/wp-json\/wp\/v2\/types\/product"}],"replies":[{"embeddable":true,"href":"https:\/\/vizomix.hu\/en\/wp-json\/wp\/v2\/comments?post=1203"}],"wp:featuredmedia":[{"embeddable":true,"href":"https:\/\/vizomix.hu\/en\/wp-json\/wp\/v2\/media\/1200"}],"wp:attachment":[{"href":"https:\/\/vizomix.hu\/en\/wp-json\/wp\/v2\/media?parent=1203"}],"wp:term":[{"taxonomy":"product_brand","embeddable":true,"href":"https:\/\/vizomix.hu\/en\/wp-json\/wp\/v2\/product_brand?post=1203"},{"taxonomy":"product_cat","embeddable":true,"href":"https:\/\/vizomix.hu\/en\/wp-json\/wp\/v2\/product_cat?post=1203"},{"taxonomy":"product_tag","embeddable":true,"href":"https:\/\/vizomix.hu\/en\/wp-json\/wp\/v2\/product_tag?post=1203"}],"curies":[{"name":"wp","href":"https:\/\/api.w.org\/{rel}","templated":true}]}}