{"id":1198,"date":"2026-02-11T22:06:44","date_gmt":"2026-02-11T21:06:44","guid":{"rendered":"https:\/\/vizomix.hu\/termek\/zara-rovid-melleny\/"},"modified":"2026-03-19T06:40:00","modified_gmt":"2026-03-19T05:40:00","slug":"zara-rovid-melleny","status":"publish","type":"product","link":"https:\/\/vizomix.hu\/en\/product\/zara-rovid-melleny\/","title":{"rendered":"Zara s\u00f6t\u00e9tbarna r\u00f6vid bund\u00e1s m\u0171b\u0151r mell\u00e9ny der\u00e9k\u00f6vvel"},"content":{"rendered":"<p>Zara s\u00f6t\u00e9tbarna r\u00f6vid m\u0171b\u0151r mell\u00e9ny \u2013 \u00f6vvel<\/p>\n<p>St\u00edlusos \u00e9s karakteres darab, amely feldobja a h\u00e9tk\u00f6znapi vagy alkalmi outfiteket. Ez a Zara s\u00f6t\u00e9tbarna r\u00f6vid mell\u00e9ny m\u0171b\u0151r anyagb\u00f3l k\u00e9sz\u00fclt, modern \u00e9s letisztult megjelen\u00e9st biztos\u00edt.<\/p>\n<p>A hozz\u00e1 tartoz\u00f3 \u00f6v hangs\u00falyozza a der\u00e9kvonalat, mik\u00f6zben extra st\u00edlust k\u00f6lcs\u00f6n\u00f6z a ruhadarabnak. K\u00f6nnyen kombin\u00e1lhat\u00f3 hossz\u00fa ujj\u00fa fels\u0151kkel, ingekkel vagy pul\u00f3verekkel, \u00edgy ide\u00e1lis v\u00e1laszt\u00e1s \u00e1tmeneti id\u0151szakokra, v\u00e1rosi s\u00e9t\u00e1khoz vagy st\u00edlusos h\u00e9tk\u00f6znapi viselethez.<br \/>\nM\u00e9retez\u00e9s: m\u00e9reth\u0171<\/p>","protected":false},"excerpt":{"rendered":"<p>Zara s\u00f6t\u00e9tbarna r\u00f6vid m\u0171b\u0151r mell\u00e9ny \u2013 \u00f6vvel St\u00edlusos \u00e9s karakteres darab, amely feldobja a h\u00e9tk\u00f6znapi vagy alkalmi outfiteket. Ez a<a class=\"read-more\" href=\"https:\/\/vizomix.hu\/en\/product\/zara-rovid-melleny\/\">Tov\u00e1bb<\/a><\/p>","protected":false},"featured_media":1196,"comment_status":"open","ping_status":"closed","template":"","meta":[],"product_brand":[76],"product_cat":[37],"product_tag":[],"class_list":{"0":"post-1198","1":"product","2":"type-product","3":"status-publish","4":"has-post-thumbnail","6":"product_brand-zara","7":"product_cat-mellenyek","9":"first","10":"outofstock","11":"taxable","12":"shipping-taxable","13":"purchasable","14":"product-type-variable","15":"add-to-wishlist-before_add_to_cart"},"supplier_id":null,"supplier_sku":"","barcode":null,"atum_controlled":true,"out_stock_date":null,"out_stock_threshold":null,"inheritable":false,"inbound_stock":0,"stock_on_hold":0,"sold_today":0,"sales_last_days":1,"reserved_stock":0,"customer_returns":0,"warehouse_damage":0,"lost_in_post":0,"other_logs":0,"out_stock_days":0,"lost_sales":0,"has_location":false,"update_date":"2026-03-19T05:40:01","atum_locations":[],"atum_stock_status":"outofstock","restock_status":false,"low_stock_amount":"","sales_update_date":"2026-03-17T19:15:19","calc_backorders":null,"_links":{"self":[{"href":"https:\/\/vizomix.hu\/en\/wp-json\/wp\/v2\/product\/1198","targetHints":{"allow":["GET"]}}],"collection":[{"href":"https:\/\/vizomix.hu\/en\/wp-json\/wp\/v2\/product"}],"about":[{"href":"https:\/\/vizomix.hu\/en\/wp-json\/wp\/v2\/types\/product"}],"replies":[{"embeddable":true,"href":"https:\/\/vizomix.hu\/en\/wp-json\/wp\/v2\/comments?post=1198"}],"wp:featuredmedia":[{"embeddable":true,"href":"https:\/\/vizomix.hu\/en\/wp-json\/wp\/v2\/media\/1196"}],"wp:attachment":[{"href":"https:\/\/vizomix.hu\/en\/wp-json\/wp\/v2\/media?parent=1198"}],"wp:term":[{"taxonomy":"product_brand","embeddable":true,"href":"https:\/\/vizomix.hu\/en\/wp-json\/wp\/v2\/product_brand?post=1198"},{"taxonomy":"product_cat","embeddable":true,"href":"https:\/\/vizomix.hu\/en\/wp-json\/wp\/v2\/product_cat?post=1198"},{"taxonomy":"product_tag","embeddable":true,"href":"https:\/\/vizomix.hu\/en\/wp-json\/wp\/v2\/product_tag?post=1198"}],"curies":[{"name":"wp","href":"https:\/\/api.w.org\/{rel}","templated":true}]}}