{"id":1192,"date":"2026-02-11T22:04:40","date_gmt":"2026-02-11T21:04:40","guid":{"rendered":"https:\/\/vizomix.hu\/termek\/zara-rovid-ruha-9\/"},"modified":"2026-03-18T13:21:18","modified_gmt":"2026-03-18T12:21:18","slug":"zara-rovid-ruha-9","status":"publish","type":"product","link":"https:\/\/vizomix.hu\/en\/product\/zara-rovid-ruha-9\/","title":{"rendered":"Zara piros lenv\u00e1szon p\u00e1ntos f\u0171z\u0151s ruha"},"content":{"rendered":"<p>Zara piros lenv\u00e1szon ruha \u2013 p\u00e1ntos, f\u0171z\u0151s<\/p>\n<p>Friss \u00e9s n\u0151ies darab, amely eleg\u00e1ns, m\u00e9gis k\u00f6nnyed megjelen\u00e9st biztos\u00edt. Ez a Zara piros ruha term\u00e9szetes lenv\u00e1szon anyagb\u00f3l k\u00e9sz\u00fclt, \u00edgy k\u00e9nyelmes \u00e9s l\u00e9g\u00e1tereszt\u0151 viseletet ny\u00fajt.<\/p>\n<p>A p\u00e1ntos kialak\u00edt\u00e1s \u00e9s a f\u0171z\u0151s r\u00e9szlet finoman hangs\u00falyozza a der\u00e9kvonalat, mik\u00f6zben st\u00edlusos r\u00e9szletk\u00e9nt emeli ki a ruh\u00e1t. T\u00f6k\u00e9letes v\u00e1laszt\u00e1s ny\u00e1ri napokra, szabadt\u00e9ri programokra vagy csinos, h\u00e9tk\u00f6znapi \u00f6ssze\u00e1ll\u00edt\u00e1sokhoz.<br \/>\nM\u00e9retez\u00e9s: m\u00e9reth\u0171<\/p>","protected":false},"excerpt":{"rendered":"<p>Zara piros lenv\u00e1szon ruha \u2013 p\u00e1ntos, f\u0171z\u0151s Friss \u00e9s n\u0151ies darab, amely eleg\u00e1ns, m\u00e9gis k\u00f6nnyed megjelen\u00e9st biztos\u00edt. Ez a Zara<a class=\"read-more\" href=\"https:\/\/vizomix.hu\/en\/product\/zara-rovid-ruha-9\/\">Tov\u00e1bb<\/a><\/p>","protected":false},"featured_media":1190,"comment_status":"open","ping_status":"closed","template":"","meta":[],"product_brand":[76],"product_cat":[34],"product_tag":[],"class_list":{"0":"post-1192","1":"product","2":"type-product","3":"status-publish","4":"has-post-thumbnail","6":"product_brand-zara","7":"product_cat-rovid-ruhak-overalok","9":"first","10":"instock","11":"taxable","12":"shipping-taxable","13":"purchasable","14":"product-type-variable","15":"add-to-wishlist-before_add_to_cart"},"supplier_id":null,"supplier_sku":"","barcode":null,"atum_controlled":true,"out_stock_date":null,"out_stock_threshold":null,"inheritable":false,"inbound_stock":null,"stock_on_hold":0,"sold_today":0,"sales_last_days":0,"reserved_stock":null,"customer_returns":null,"warehouse_damage":null,"lost_in_post":null,"other_logs":null,"out_stock_days":0,"lost_sales":0,"has_location":null,"update_date":"2026-03-18T12:21:19","atum_locations":[],"atum_stock_status":"instock","restock_status":false,"low_stock_amount":"","sales_update_date":"2026-03-17T19:15:19","calc_backorders":null,"_links":{"self":[{"href":"https:\/\/vizomix.hu\/en\/wp-json\/wp\/v2\/product\/1192","targetHints":{"allow":["GET"]}}],"collection":[{"href":"https:\/\/vizomix.hu\/en\/wp-json\/wp\/v2\/product"}],"about":[{"href":"https:\/\/vizomix.hu\/en\/wp-json\/wp\/v2\/types\/product"}],"replies":[{"embeddable":true,"href":"https:\/\/vizomix.hu\/en\/wp-json\/wp\/v2\/comments?post=1192"}],"wp:featuredmedia":[{"embeddable":true,"href":"https:\/\/vizomix.hu\/en\/wp-json\/wp\/v2\/media\/1190"}],"wp:attachment":[{"href":"https:\/\/vizomix.hu\/en\/wp-json\/wp\/v2\/media?parent=1192"}],"wp:term":[{"taxonomy":"product_brand","embeddable":true,"href":"https:\/\/vizomix.hu\/en\/wp-json\/wp\/v2\/product_brand?post=1192"},{"taxonomy":"product_cat","embeddable":true,"href":"https:\/\/vizomix.hu\/en\/wp-json\/wp\/v2\/product_cat?post=1192"},{"taxonomy":"product_tag","embeddable":true,"href":"https:\/\/vizomix.hu\/en\/wp-json\/wp\/v2\/product_tag?post=1192"}],"curies":[{"name":"wp","href":"https:\/\/api.w.org\/{rel}","templated":true}]}}