{"id":1180,"date":"2026-02-11T21:50:33","date_gmt":"2026-02-11T20:50:33","guid":{"rendered":"https:\/\/vizomix.hu\/termek\/zara-limitalt-kiadasu-rovid-ruha\/"},"modified":"2026-03-18T13:21:18","modified_gmt":"2026-03-18T12:21:18","slug":"zara-limitalt-kiadasu-rovid-ruha","status":"publish","type":"product","link":"https:\/\/vizomix.hu\/en\/product\/zara-limitalt-kiadasu-rovid-ruha\/","title":{"rendered":"Zara fekete limit\u00e1lt kiad\u00e1s\u00fa l\u00e1nc p\u00e1ntos r\u00f6vid ruha"},"content":{"rendered":"<p>Zara fekete limit\u00e1lt kiad\u00e1s\u00fa ruha \u2013 l\u00e1ncos p\u00e1ntokkal<\/p>\n<p>Exkluz\u00edv \u00e9s n\u0151ies darab, amely igaz\u00e1n k\u00fcl\u00f6nlegess\u00e9 teszi a megjelen\u00e9st. Ez a Zara fekete ruha limit\u00e1lt kiad\u00e1s, st\u00edlusos l\u00e1ncos p\u00e1ntjai pedig karakteres, eleg\u00e1ns r\u00e9szletk\u00e9nt emelik ki a fazont.<\/p>\n<p>Letisztult szab\u00e1sa \u00e9s id\u0151tlen fekete sz\u00edne lehet\u0151v\u00e9 teszi, hogy k\u00f6nnyed\u00e9n kombin\u00e1lhat\u00f3 legyen magassark\u00faval vagy eleg\u00e1ns kieg\u00e9sz\u00edt\u0151kkel. T\u00f6k\u00e9letes v\u00e1laszt\u00e1s k\u00fcl\u00f6nleges alkalmakra, esti esem\u00e9nyekre vagy amikor egy igaz\u00e1n figyelemfelkelt\u0151 outfitet szeretn\u00e9l.<br \/>\nM\u00e9retez\u00e9s: m\u00e9reth\u0171<\/p>","protected":false},"excerpt":{"rendered":"<p>Zara fekete limit\u00e1lt kiad\u00e1s\u00fa ruha \u2013 l\u00e1ncos p\u00e1ntokkal Exkluz\u00edv \u00e9s n\u0151ies darab, amely igaz\u00e1n k\u00fcl\u00f6nlegess\u00e9 teszi a megjelen\u00e9st. Ez a<a class=\"read-more\" href=\"https:\/\/vizomix.hu\/en\/product\/zara-limitalt-kiadasu-rovid-ruha\/\">Tov\u00e1bb<\/a><\/p>","protected":false},"featured_media":1178,"comment_status":"open","ping_status":"closed","template":"","meta":[],"product_brand":[76],"product_cat":[34],"product_tag":[],"class_list":{"0":"post-1180","1":"product","2":"type-product","3":"status-publish","4":"has-post-thumbnail","6":"product_brand-zara","7":"product_cat-rovid-ruhak-overalok","9":"first","10":"instock","11":"taxable","12":"shipping-taxable","13":"purchasable","14":"product-type-variable","15":"add-to-wishlist-before_add_to_cart"},"supplier_id":null,"supplier_sku":"","barcode":null,"atum_controlled":true,"out_stock_date":null,"out_stock_threshold":null,"inheritable":false,"inbound_stock":null,"stock_on_hold":0,"sold_today":0,"sales_last_days":0,"reserved_stock":null,"customer_returns":null,"warehouse_damage":null,"lost_in_post":null,"other_logs":null,"out_stock_days":0,"lost_sales":0,"has_location":null,"update_date":"2026-03-18T12:21:19","atum_locations":[],"atum_stock_status":"instock","restock_status":false,"low_stock_amount":"","sales_update_date":"2026-03-17T19:15:19","calc_backorders":null,"_links":{"self":[{"href":"https:\/\/vizomix.hu\/en\/wp-json\/wp\/v2\/product\/1180","targetHints":{"allow":["GET"]}}],"collection":[{"href":"https:\/\/vizomix.hu\/en\/wp-json\/wp\/v2\/product"}],"about":[{"href":"https:\/\/vizomix.hu\/en\/wp-json\/wp\/v2\/types\/product"}],"replies":[{"embeddable":true,"href":"https:\/\/vizomix.hu\/en\/wp-json\/wp\/v2\/comments?post=1180"}],"wp:featuredmedia":[{"embeddable":true,"href":"https:\/\/vizomix.hu\/en\/wp-json\/wp\/v2\/media\/1178"}],"wp:attachment":[{"href":"https:\/\/vizomix.hu\/en\/wp-json\/wp\/v2\/media?parent=1180"}],"wp:term":[{"taxonomy":"product_brand","embeddable":true,"href":"https:\/\/vizomix.hu\/en\/wp-json\/wp\/v2\/product_brand?post=1180"},{"taxonomy":"product_cat","embeddable":true,"href":"https:\/\/vizomix.hu\/en\/wp-json\/wp\/v2\/product_cat?post=1180"},{"taxonomy":"product_tag","embeddable":true,"href":"https:\/\/vizomix.hu\/en\/wp-json\/wp\/v2\/product_tag?post=1180"}],"curies":[{"name":"wp","href":"https:\/\/api.w.org\/{rel}","templated":true}]}}