{"id":1176,"date":"2026-02-11T21:46:32","date_gmt":"2026-02-11T20:46:32","guid":{"rendered":"https:\/\/vizomix.hu\/termek\/zara-plisszirozott-szoknya\/"},"modified":"2026-03-18T13:21:18","modified_gmt":"2026-03-18T12:21:18","slug":"zara-plisszirozott-szoknya","status":"publish","type":"product","link":"https:\/\/vizomix.hu\/en\/product\/zara-plisszirozott-szoknya\/","title":{"rendered":"Zara blue pleated skirt"},"content":{"rendered":"<p>Zara k\u00e9k plissz\u00edrozott szoknya \u2013 oldals\u00f3 cipz\u00e1rral<\/p>\n<p>Eleg\u00e1ns \u00e9s n\u0151ies darab, amely k\u00f6nnyed mozg\u00e1st \u00e9s kifinomult megjelen\u00e9st biztos\u00edt. Ez a Zara k\u00e9k plissz\u00edrozott szoknya l\u00e1gy es\u00e9s\u0171 anyag\u00e1val j\u00e1t\u00e9kos \u00e9s eleg\u00e1ns st\u00edlust k\u00f6lcs\u00f6n\u00f6z.<\/p>\n<p>Az oldals\u00f3 cipz\u00e1r praktikus fel- \u00e9s lev\u00e9telt biztos\u00edt, mik\u00f6zben a szoknya letisztult vonalvezet\u00e9s\u00e9t megtartja. T\u00f6k\u00e9letes v\u00e1laszt\u00e1s bl\u00fazzal vagy pul\u00f3verrel kombin\u00e1lva, ak\u00e1r irod\u00e1ba, alkalmi esem\u00e9nyekre vagy h\u00e9tk\u00f6znapi csinos \u00f6ssze\u00e1ll\u00edt\u00e1sokhoz.<br \/>\nM\u00e9retez\u00e9s: m\u00e9reth\u0171<\/p>","protected":false},"excerpt":{"rendered":"<p>Zara k\u00e9k plissz\u00edrozott szoknya \u2013 oldals\u00f3 cipz\u00e1rral Eleg\u00e1ns \u00e9s n\u0151ies darab, amely k\u00f6nnyed mozg\u00e1st \u00e9s kifinomult megjelen\u00e9st biztos\u00edt. Ez a<a class=\"read-more\" href=\"https:\/\/vizomix.hu\/en\/product\/zara-plisszirozott-szoknya\/\">Tov\u00e1bb<\/a><\/p>","protected":false},"featured_media":1174,"comment_status":"open","ping_status":"closed","template":"","meta":[],"product_brand":[76],"product_cat":[28],"product_tag":[],"class_list":{"0":"post-1176","1":"product","2":"type-product","3":"status-publish","4":"has-post-thumbnail","6":"product_brand-zara","7":"product_cat-szoknyak-skortok","9":"first","10":"instock","11":"taxable","12":"shipping-taxable","13":"purchasable","14":"product-type-variable","15":"add-to-wishlist-before_add_to_cart"},"supplier_id":null,"supplier_sku":"","barcode":null,"atum_controlled":true,"out_stock_date":null,"out_stock_threshold":null,"inheritable":false,"inbound_stock":null,"stock_on_hold":0,"sold_today":0,"sales_last_days":0,"reserved_stock":null,"customer_returns":null,"warehouse_damage":null,"lost_in_post":null,"other_logs":null,"out_stock_days":0,"lost_sales":0,"has_location":null,"update_date":"2026-03-18T12:21:19","atum_locations":[],"atum_stock_status":"instock","restock_status":false,"low_stock_amount":"","sales_update_date":"2026-03-17T19:15:19","calc_backorders":null,"_links":{"self":[{"href":"https:\/\/vizomix.hu\/en\/wp-json\/wp\/v2\/product\/1176","targetHints":{"allow":["GET"]}}],"collection":[{"href":"https:\/\/vizomix.hu\/en\/wp-json\/wp\/v2\/product"}],"about":[{"href":"https:\/\/vizomix.hu\/en\/wp-json\/wp\/v2\/types\/product"}],"replies":[{"embeddable":true,"href":"https:\/\/vizomix.hu\/en\/wp-json\/wp\/v2\/comments?post=1176"}],"wp:featuredmedia":[{"embeddable":true,"href":"https:\/\/vizomix.hu\/en\/wp-json\/wp\/v2\/media\/1174"}],"wp:attachment":[{"href":"https:\/\/vizomix.hu\/en\/wp-json\/wp\/v2\/media?parent=1176"}],"wp:term":[{"taxonomy":"product_brand","embeddable":true,"href":"https:\/\/vizomix.hu\/en\/wp-json\/wp\/v2\/product_brand?post=1176"},{"taxonomy":"product_cat","embeddable":true,"href":"https:\/\/vizomix.hu\/en\/wp-json\/wp\/v2\/product_cat?post=1176"},{"taxonomy":"product_tag","embeddable":true,"href":"https:\/\/vizomix.hu\/en\/wp-json\/wp\/v2\/product_tag?post=1176"}],"curies":[{"name":"wp","href":"https:\/\/api.w.org\/{rel}","templated":true}]}}