{"id":1172,"date":"2026-02-11T21:42:01","date_gmt":"2026-02-11T20:42:01","guid":{"rendered":"https:\/\/vizomix.hu\/termek\/zara-pufi-kabat\/"},"modified":"2026-03-18T13:21:18","modified_gmt":"2026-03-18T12:21:18","slug":"zara-pufi-kabat","status":"publish","type":"product","link":"https:\/\/vizomix.hu\/en\/product\/zara-pufi-kabat\/","title":{"rendered":"Zara v\u00edzleperget\u0151s pufi kab\u00e1t kapucnival"},"content":{"rendered":"<p>Zara sz\u00fcrke v\u00edzleperget\u0151 pufi kab\u00e1t \u2013 kapucnival<\/p>\n<p>Praktikus \u00e9s st\u00edlusos v\u00e1laszt\u00e1s a h\u0171v\u00f6s, csapad\u00e9kos napokra. Ez a Zara sz\u00fcrke pufi kab\u00e1t v\u00edzleperget\u0151 anyag\u00e1nak k\u00f6sz\u00f6nhet\u0151en v\u00e9delmet ny\u00fajt az es\u0151 \u00e9s a sz\u00e9l ellen, mik\u00f6zben meleg \u00e9s k\u00e9nyelmes viseletet biztos\u00edt.<\/p>\n<p>A kapucni extra v\u00e9delmet ad a hideg id\u0151ben, az oldals\u00f3 zsebek pedig praktikus t\u00e1rol\u00e1si lehet\u0151s\u00e9get k\u00edn\u00e1lnak. Ide\u00e1lis v\u00e1laszt\u00e1s h\u00e9tk\u00f6znapi viselethez, v\u00e1rosi s\u00e9t\u00e1khoz vagy szabadt\u00e9ri programokhoz.<br \/>\nM\u00e9retez\u00e9s: m\u00e9reth\u0171<\/p>","protected":false},"excerpt":{"rendered":"<p>Zara sz\u00fcrke v\u00edzleperget\u0151 pufi kab\u00e1t \u2013 kapucnival Praktikus \u00e9s st\u00edlusos v\u00e1laszt\u00e1s a h\u0171v\u00f6s, csapad\u00e9kos napokra. Ez a Zara sz\u00fcrke pufi<a class=\"read-more\" href=\"https:\/\/vizomix.hu\/en\/product\/zara-pufi-kabat\/\">Tov\u00e1bb<\/a><\/p>","protected":false},"featured_media":1170,"comment_status":"open","ping_status":"closed","template":"","meta":[],"product_brand":[76],"product_cat":[35],"product_tag":[],"class_list":{"0":"post-1172","1":"product","2":"type-product","3":"status-publish","4":"has-post-thumbnail","6":"product_brand-zara","7":"product_cat-atmeneti-kabatok","9":"first","10":"instock","11":"taxable","12":"shipping-taxable","13":"purchasable","14":"product-type-variable","15":"add-to-wishlist-before_add_to_cart"},"supplier_id":null,"supplier_sku":"","barcode":null,"atum_controlled":true,"out_stock_date":null,"out_stock_threshold":null,"inheritable":false,"inbound_stock":null,"stock_on_hold":0,"sold_today":0,"sales_last_days":0,"reserved_stock":null,"customer_returns":null,"warehouse_damage":null,"lost_in_post":null,"other_logs":null,"out_stock_days":0,"lost_sales":0,"has_location":null,"update_date":"2026-03-18T12:21:19","atum_locations":[],"atum_stock_status":"instock","restock_status":false,"low_stock_amount":"","sales_update_date":"2026-03-17T19:15:19","calc_backorders":null,"_links":{"self":[{"href":"https:\/\/vizomix.hu\/en\/wp-json\/wp\/v2\/product\/1172","targetHints":{"allow":["GET"]}}],"collection":[{"href":"https:\/\/vizomix.hu\/en\/wp-json\/wp\/v2\/product"}],"about":[{"href":"https:\/\/vizomix.hu\/en\/wp-json\/wp\/v2\/types\/product"}],"replies":[{"embeddable":true,"href":"https:\/\/vizomix.hu\/en\/wp-json\/wp\/v2\/comments?post=1172"}],"wp:featuredmedia":[{"embeddable":true,"href":"https:\/\/vizomix.hu\/en\/wp-json\/wp\/v2\/media\/1170"}],"wp:attachment":[{"href":"https:\/\/vizomix.hu\/en\/wp-json\/wp\/v2\/media?parent=1172"}],"wp:term":[{"taxonomy":"product_brand","embeddable":true,"href":"https:\/\/vizomix.hu\/en\/wp-json\/wp\/v2\/product_brand?post=1172"},{"taxonomy":"product_cat","embeddable":true,"href":"https:\/\/vizomix.hu\/en\/wp-json\/wp\/v2\/product_cat?post=1172"},{"taxonomy":"product_tag","embeddable":true,"href":"https:\/\/vizomix.hu\/en\/wp-json\/wp\/v2\/product_tag?post=1172"}],"curies":[{"name":"wp","href":"https:\/\/api.w.org\/{rel}","templated":true}]}}