{"id":1168,"date":"2026-02-11T21:40:25","date_gmt":"2026-02-11T20:40:25","guid":{"rendered":"https:\/\/vizomix.hu\/termek\/zara-farmerruha\/"},"modified":"2026-03-18T13:21:43","modified_gmt":"2026-03-18T12:21:43","slug":"zara-farmerruha","status":"publish","type":"product","link":"https:\/\/vizomix.hu\/en\/product\/zara-farmerruha\/","title":{"rendered":"Zara s\u00f6t\u00e9tk\u00e9k sz\u0171k\u00edtett farmerruha"},"content":{"rendered":"<p>Zara sz\u0171k\u00edtett farmerruha \u2013 el\u00f6l ez\u00fcst gombokkal<\/p>\n<p>Ez a Zara sz\u0171k\u00edtett fazon\u00fa farmerruha n\u0151ies \u00e9s trendi v\u00e1laszt\u00e1s a h\u00e9tk\u00f6znapokra. Alakot k\u00f6vet\u0151 szab\u00e1sa sz\u00e9pen kiemeli a sziluettet, mik\u00f6zben k\u00e9nyelmes viseletet biztos\u00edt.<\/p>\n<p>Az el\u00f6l elhelyezett ez\u00fcst gombok st\u00edlusos, karakteres r\u00e9szletk\u00e9nt teszik k\u00fcl\u00f6nlegess\u00e9 a darabot. K\u00f6nnyen kombin\u00e1lhat\u00f3 sportos cip\u0151vel egy laza megjelen\u00e9shez, vagy csizm\u00e1val \u00e9s kieg\u00e9sz\u00edt\u0151kkel egy csinosabb outfit r\u00e9szek\u00e9nt.<br \/>\nM\u00e9retez\u00e9s: m\u00e9reth\u0171<\/p>","protected":false},"excerpt":{"rendered":"<p>Zara sz\u0171k\u00edtett farmerruha \u2013 el\u00f6l ez\u00fcst gombokkal Ez a Zara sz\u0171k\u00edtett fazon\u00fa farmerruha n\u0151ies \u00e9s trendi v\u00e1laszt\u00e1s a h\u00e9tk\u00f6znapokra. Alakot<a class=\"read-more\" href=\"https:\/\/vizomix.hu\/en\/product\/zara-farmerruha\/\">Tov\u00e1bb<\/a><\/p>","protected":false},"featured_media":1165,"comment_status":"open","ping_status":"closed","template":"","meta":[],"product_brand":[76],"product_cat":[34],"product_tag":[],"class_list":{"0":"post-1168","1":"product","2":"type-product","3":"status-publish","4":"has-post-thumbnail","6":"product_brand-zara","7":"product_cat-rovid-ruhak-overalok","9":"first","10":"instock","11":"taxable","12":"shipping-taxable","13":"purchasable","14":"product-type-variable","15":"add-to-wishlist-before_add_to_cart"},"supplier_id":null,"supplier_sku":"","barcode":null,"atum_controlled":true,"out_stock_date":null,"out_stock_threshold":null,"inheritable":false,"inbound_stock":null,"stock_on_hold":0,"sold_today":0,"sales_last_days":0,"reserved_stock":null,"customer_returns":null,"warehouse_damage":null,"lost_in_post":null,"other_logs":null,"out_stock_days":0,"lost_sales":0,"has_location":null,"update_date":"2026-03-18T12:21:45","atum_locations":[],"atum_stock_status":"instock","restock_status":false,"low_stock_amount":"","sales_update_date":"2026-03-17T19:15:20","calc_backorders":null,"_links":{"self":[{"href":"https:\/\/vizomix.hu\/en\/wp-json\/wp\/v2\/product\/1168","targetHints":{"allow":["GET"]}}],"collection":[{"href":"https:\/\/vizomix.hu\/en\/wp-json\/wp\/v2\/product"}],"about":[{"href":"https:\/\/vizomix.hu\/en\/wp-json\/wp\/v2\/types\/product"}],"replies":[{"embeddable":true,"href":"https:\/\/vizomix.hu\/en\/wp-json\/wp\/v2\/comments?post=1168"}],"wp:featuredmedia":[{"embeddable":true,"href":"https:\/\/vizomix.hu\/en\/wp-json\/wp\/v2\/media\/1165"}],"wp:attachment":[{"href":"https:\/\/vizomix.hu\/en\/wp-json\/wp\/v2\/media?parent=1168"}],"wp:term":[{"taxonomy":"product_brand","embeddable":true,"href":"https:\/\/vizomix.hu\/en\/wp-json\/wp\/v2\/product_brand?post=1168"},{"taxonomy":"product_cat","embeddable":true,"href":"https:\/\/vizomix.hu\/en\/wp-json\/wp\/v2\/product_cat?post=1168"},{"taxonomy":"product_tag","embeddable":true,"href":"https:\/\/vizomix.hu\/en\/wp-json\/wp\/v2\/product_tag?post=1168"}],"curies":[{"name":"wp","href":"https:\/\/api.w.org\/{rel}","templated":true}]}}