{"id":1163,"date":"2026-02-11T21:38:31","date_gmt":"2026-02-11T20:38:31","guid":{"rendered":"https:\/\/vizomix.hu\/termek\/zara-hosszitott-felso\/"},"modified":"2026-03-18T13:21:43","modified_gmt":"2026-03-18T12:21:43","slug":"zara-hosszitott-felso","status":"publish","type":"product","link":"https:\/\/vizomix.hu\/en\/product\/zara-hosszitott-felso\/","title":{"rendered":"Zara patterned long top with plush knit"},"content":{"rendered":"<p>Zara rombusz mint\u00e1s hossz\u00edtott fels\u0151 \u2013 b\u00e1rsony k\u00f6t\u0151vel<\/p>\n<p>Ez a Zara rombusz mint\u00e1s hossz\u00edtott fels\u0151 k\u00fcl\u00f6nleges \u00e9s n\u0151ies darab, amely st\u00edlusos megjelen\u00e9st biztos\u00edt. A V-kiv\u00e1g\u00e1s eleg\u00e1nsan keretezi a dekolt\u00e1zst, m\u00edg a b\u00e1rsony k\u00f6t\u0151 finom, egyedi r\u00e9szletk\u00e9nt emeli ki a fazont.<\/p>\n<p>A h\u00e1tul hossz\u00edtott kialak\u00edt\u00e1s modern \u00e9s el\u0151ny\u00f6s vonalvezet\u00e9st ad, az oldals\u00f3 felv\u00e1g\u00e1s pedig k\u00e9nyelmes mozg\u00e1st \u00e9s k\u00f6nnyed es\u00e9st biztos\u00edt. T\u00f6k\u00e9letes v\u00e1laszt\u00e1s sz\u0171k nadr\u00e1ggal vagy leggingsszel kombin\u00e1lva, ak\u00e1r h\u00e9tk\u00f6znapi, ak\u00e1r csinosabb \u00f6ssze\u00e1ll\u00edt\u00e1shoz.<br \/>\nM\u00e9retez\u00e9s: m\u00e9reth\u0171<\/p>","protected":false},"excerpt":{"rendered":"<p>Zara rombusz mint\u00e1s hossz\u00edtott fels\u0151 \u2013 b\u00e1rsony k\u00f6t\u0151vel Ez a Zara rombusz mint\u00e1s hossz\u00edtott fels\u0151 k\u00fcl\u00f6nleges \u00e9s n\u0151ies darab, amely<a class=\"read-more\" href=\"https:\/\/vizomix.hu\/en\/product\/zara-hosszitott-felso\/\">Tov\u00e1bb<\/a><\/p>","protected":false},"featured_media":1161,"comment_status":"open","ping_status":"closed","template":"","meta":[],"product_brand":[76],"product_cat":[42],"product_tag":[],"class_list":{"0":"post-1163","1":"product","2":"type-product","3":"status-publish","4":"has-post-thumbnail","6":"product_brand-zara","7":"product_cat-felso-ruhazat-top-triko-polo-body-felsoresz","9":"first","10":"instock","11":"taxable","12":"shipping-taxable","13":"purchasable","14":"product-type-variable","15":"add-to-wishlist-before_add_to_cart"},"supplier_id":null,"supplier_sku":"","barcode":null,"atum_controlled":true,"out_stock_date":null,"out_stock_threshold":null,"inheritable":false,"inbound_stock":null,"stock_on_hold":0,"sold_today":0,"sales_last_days":0,"reserved_stock":null,"customer_returns":null,"warehouse_damage":null,"lost_in_post":null,"other_logs":null,"out_stock_days":0,"lost_sales":0,"has_location":null,"update_date":"2026-03-18T12:21:45","atum_locations":[],"atum_stock_status":"instock","restock_status":false,"low_stock_amount":"","sales_update_date":"2026-03-17T19:15:20","calc_backorders":null,"_links":{"self":[{"href":"https:\/\/vizomix.hu\/en\/wp-json\/wp\/v2\/product\/1163","targetHints":{"allow":["GET"]}}],"collection":[{"href":"https:\/\/vizomix.hu\/en\/wp-json\/wp\/v2\/product"}],"about":[{"href":"https:\/\/vizomix.hu\/en\/wp-json\/wp\/v2\/types\/product"}],"replies":[{"embeddable":true,"href":"https:\/\/vizomix.hu\/en\/wp-json\/wp\/v2\/comments?post=1163"}],"wp:featuredmedia":[{"embeddable":true,"href":"https:\/\/vizomix.hu\/en\/wp-json\/wp\/v2\/media\/1161"}],"wp:attachment":[{"href":"https:\/\/vizomix.hu\/en\/wp-json\/wp\/v2\/media?parent=1163"}],"wp:term":[{"taxonomy":"product_brand","embeddable":true,"href":"https:\/\/vizomix.hu\/en\/wp-json\/wp\/v2\/product_brand?post=1163"},{"taxonomy":"product_cat","embeddable":true,"href":"https:\/\/vizomix.hu\/en\/wp-json\/wp\/v2\/product_cat?post=1163"},{"taxonomy":"product_tag","embeddable":true,"href":"https:\/\/vizomix.hu\/en\/wp-json\/wp\/v2\/product_tag?post=1163"}],"curies":[{"name":"wp","href":"https:\/\/api.w.org\/{rel}","templated":true}]}}