{"id":1157,"date":"2026-02-11T21:34:57","date_gmt":"2026-02-11T20:34:57","guid":{"rendered":"https:\/\/vizomix.hu\/termek\/zara-lepel-kabat\/"},"modified":"2026-03-18T13:21:43","modified_gmt":"2026-03-18T12:21:43","slug":"zara-lepel-kabat","status":"publish","type":"product","link":"https:\/\/vizomix.hu\/en\/product\/zara-lepel-kabat\/","title":{"rendered":"Zara pamut tartalm\u00fa vil\u00e1gos sz\u00fcrke lepel, puha csinos kab\u00e1t"},"content":{"rendered":"<p>Zara vil\u00e1gossz\u00fcrke pamut tartalm\u00fa lepel kab\u00e1t \u2013 puha \u00e9s n\u0151ies darab<\/p>\n<p>Ez a Zara vil\u00e1gossz\u00fcrke lepel kab\u00e1t letisztult \u00e9s eleg\u00e1ns v\u00e1laszt\u00e1s a h\u0171v\u00f6sebb napokra. Pamut tartalm\u00fa, puha tapint\u00e1s\u00fa anyaga kellemes komfort\u00e9rzetet biztos\u00edt eg\u00e9sz napos viselet sor\u00e1n is.<\/p>\n<p>L\u00e1gy es\u00e9s\u00e9nek \u00e9s n\u0151ies szab\u00e1s\u00e1nak k\u00f6sz\u00f6nhet\u0151en k\u00f6nnyed, m\u00e9gis kifinomult megjelen\u00e9st ad. Remek\u00fcl kombin\u00e1lhat\u00f3 farmerrel, nadr\u00e1ggal vagy ak\u00e1r ruh\u00e1val is, \u00edgy ide\u00e1lis v\u00e1laszt\u00e1s h\u00e9tk\u00f6znapokra \u00e9s alkalmi \u00f6ssze\u00e1ll\u00edt\u00e1sokhoz egyar\u00e1nt.<br \/>\nM\u00e9retez\u00e9s: m\u00e9reth\u0171<\/p>","protected":false},"excerpt":{"rendered":"<p>Zara vil\u00e1gossz\u00fcrke pamut tartalm\u00fa lepel kab\u00e1t \u2013 puha \u00e9s n\u0151ies darab Ez a Zara vil\u00e1gossz\u00fcrke lepel kab\u00e1t letisztult \u00e9s eleg\u00e1ns<a class=\"read-more\" href=\"https:\/\/vizomix.hu\/en\/product\/zara-lepel-kabat\/\">Tov\u00e1bb<\/a><\/p>","protected":false},"featured_media":1156,"comment_status":"open","ping_status":"closed","template":"","meta":[],"product_brand":[76],"product_cat":[35],"product_tag":[],"class_list":{"0":"post-1157","1":"product","2":"type-product","3":"status-publish","4":"has-post-thumbnail","6":"product_brand-zara","7":"product_cat-atmeneti-kabatok","9":"first","10":"instock","11":"taxable","12":"shipping-taxable","13":"purchasable","14":"product-type-variable","15":"add-to-wishlist-before_add_to_cart"},"supplier_id":null,"supplier_sku":"","barcode":null,"atum_controlled":true,"out_stock_date":null,"out_stock_threshold":null,"inheritable":false,"inbound_stock":null,"stock_on_hold":0,"sold_today":0,"sales_last_days":0,"reserved_stock":null,"customer_returns":null,"warehouse_damage":null,"lost_in_post":null,"other_logs":null,"out_stock_days":0,"lost_sales":0,"has_location":null,"update_date":"2026-03-18T12:21:45","atum_locations":[],"atum_stock_status":"instock","restock_status":false,"low_stock_amount":"","sales_update_date":"2026-03-17T19:15:20","calc_backorders":null,"_links":{"self":[{"href":"https:\/\/vizomix.hu\/en\/wp-json\/wp\/v2\/product\/1157","targetHints":{"allow":["GET"]}}],"collection":[{"href":"https:\/\/vizomix.hu\/en\/wp-json\/wp\/v2\/product"}],"about":[{"href":"https:\/\/vizomix.hu\/en\/wp-json\/wp\/v2\/types\/product"}],"replies":[{"embeddable":true,"href":"https:\/\/vizomix.hu\/en\/wp-json\/wp\/v2\/comments?post=1157"}],"wp:featuredmedia":[{"embeddable":true,"href":"https:\/\/vizomix.hu\/en\/wp-json\/wp\/v2\/media\/1156"}],"wp:attachment":[{"href":"https:\/\/vizomix.hu\/en\/wp-json\/wp\/v2\/media?parent=1157"}],"wp:term":[{"taxonomy":"product_brand","embeddable":true,"href":"https:\/\/vizomix.hu\/en\/wp-json\/wp\/v2\/product_brand?post=1157"},{"taxonomy":"product_cat","embeddable":true,"href":"https:\/\/vizomix.hu\/en\/wp-json\/wp\/v2\/product_cat?post=1157"},{"taxonomy":"product_tag","embeddable":true,"href":"https:\/\/vizomix.hu\/en\/wp-json\/wp\/v2\/product_tag?post=1157"}],"curies":[{"name":"wp","href":"https:\/\/api.w.org\/{rel}","templated":true}]}}