{"id":1154,"date":"2026-02-11T21:33:06","date_gmt":"2026-02-11T20:33:06","guid":{"rendered":"https:\/\/vizomix.hu\/termek\/zara-barackos-barna-lepel-kabat\/"},"modified":"2026-03-18T13:21:43","modified_gmt":"2026-03-18T12:21:43","slug":"zara-barackos-barna-lepel-kabat","status":"publish","type":"product","link":"https:\/\/vizomix.hu\/en\/product\/zara-barackos-barna-lepel-kabat\/","title":{"rendered":"Zara pamut tartalm\u00fa barackos barna lepel, puha csinos kab\u00e1t"},"content":{"rendered":"<p>Zara barackos-barna pamut tartalm\u00fa lepel kab\u00e1t \u2013 puha \u00e9s n\u0151ies darab<\/p>\n<p>Ez a Zara barackos-barna \u00e1rnyalat\u00fa lepel kab\u00e1t igaz\u00e1n finom, puha tapint\u00e1s\u00fa anyagb\u00f3l k\u00e9sz\u00fclt, pamut tartalm\u00e1nak k\u00f6sz\u00f6nhet\u0151en kellemes \u00e9s k\u00e9nyelmes viseletet biztos\u00edt.<\/p>\n<p>L\u00e1gy es\u00e9se \u00e9s csinos szab\u00e1sa eleg\u00e1ns, m\u00e9gis k\u00f6nnyed megjelen\u00e9st ad. T\u00f6k\u00e9letes v\u00e1laszt\u00e1s \u00e1tmeneti id\u0151szakban, amikor egy st\u00edlusos, m\u00e9gis komfortos r\u00e9tegre van sz\u00fcks\u00e9g. Farmerrel \u00e9s eleg\u00e1nsabb szettel is k\u00f6nnyen kombin\u00e1lhat\u00f3, \u00edgy sokoldal\u00fa darabja lehet a gardr\u00f3bnak.<br \/>\nM\u00e9retez\u00e9s: m\u00e9reth\u0171<\/p>","protected":false},"excerpt":{"rendered":"<p>Zara barackos-barna pamut tartalm\u00fa lepel kab\u00e1t \u2013 puha \u00e9s n\u0151ies darab Ez a Zara barackos-barna \u00e1rnyalat\u00fa lepel kab\u00e1t igaz\u00e1n finom,<a class=\"read-more\" href=\"https:\/\/vizomix.hu\/en\/product\/zara-barackos-barna-lepel-kabat\/\">Tov\u00e1bb<\/a><\/p>","protected":false},"featured_media":1152,"comment_status":"open","ping_status":"closed","template":"","meta":[],"product_brand":[76],"product_cat":[35],"product_tag":[],"class_list":{"0":"post-1154","1":"product","2":"type-product","3":"status-publish","4":"has-post-thumbnail","6":"product_brand-zara","7":"product_cat-atmeneti-kabatok","9":"first","10":"instock","11":"taxable","12":"shipping-taxable","13":"purchasable","14":"product-type-variable","15":"add-to-wishlist-before_add_to_cart"},"supplier_id":null,"supplier_sku":"","barcode":null,"atum_controlled":true,"out_stock_date":null,"out_stock_threshold":null,"inheritable":false,"inbound_stock":null,"stock_on_hold":0,"sold_today":0,"sales_last_days":0,"reserved_stock":null,"customer_returns":null,"warehouse_damage":null,"lost_in_post":null,"other_logs":null,"out_stock_days":0,"lost_sales":0,"has_location":null,"update_date":"2026-03-18T12:21:45","atum_locations":[],"atum_stock_status":"instock","restock_status":false,"low_stock_amount":"","sales_update_date":"2026-03-17T19:15:20","calc_backorders":null,"_links":{"self":[{"href":"https:\/\/vizomix.hu\/en\/wp-json\/wp\/v2\/product\/1154","targetHints":{"allow":["GET"]}}],"collection":[{"href":"https:\/\/vizomix.hu\/en\/wp-json\/wp\/v2\/product"}],"about":[{"href":"https:\/\/vizomix.hu\/en\/wp-json\/wp\/v2\/types\/product"}],"replies":[{"embeddable":true,"href":"https:\/\/vizomix.hu\/en\/wp-json\/wp\/v2\/comments?post=1154"}],"wp:featuredmedia":[{"embeddable":true,"href":"https:\/\/vizomix.hu\/en\/wp-json\/wp\/v2\/media\/1152"}],"wp:attachment":[{"href":"https:\/\/vizomix.hu\/en\/wp-json\/wp\/v2\/media?parent=1154"}],"wp:term":[{"taxonomy":"product_brand","embeddable":true,"href":"https:\/\/vizomix.hu\/en\/wp-json\/wp\/v2\/product_brand?post=1154"},{"taxonomy":"product_cat","embeddable":true,"href":"https:\/\/vizomix.hu\/en\/wp-json\/wp\/v2\/product_cat?post=1154"},{"taxonomy":"product_tag","embeddable":true,"href":"https:\/\/vizomix.hu\/en\/wp-json\/wp\/v2\/product_tag?post=1154"}],"curies":[{"name":"wp","href":"https:\/\/api.w.org\/{rel}","templated":true}]}}