{"id":1150,"date":"2026-02-11T21:30:00","date_gmt":"2026-02-11T20:30:00","guid":{"rendered":"https:\/\/vizomix.hu\/termek\/zara-barsony-hosszu-nadrag\/"},"modified":"2026-03-18T13:21:43","modified_gmt":"2026-03-18T12:21:43","slug":"zara-barsony-hosszu-nadrag","status":"publish","type":"product","link":"https:\/\/vizomix.hu\/en\/product\/zara-barsony-hosszu-nadrag\/","title":{"rendered":"Zara fekete b\u00e1rsony anyag\u00fa hossz\u00fa nadr\u00e1g"},"content":{"rendered":"<p>Zara fekete b\u00e1rsony anyag\u00fa hossz\u00fa nadr\u00e1g \u2013 gumis der\u00e9kkal<\/p>\n<p>Eleg\u00e1ns \u00e9s k\u00e9nyelmes darab, amely st\u00edlusos megjelen\u00e9st biztos\u00edt. Ez a Zara fekete hossz\u00fa nadr\u00e1g puha, b\u00e1rsony anyag\u00e1nak k\u00f6sz\u00f6nhet\u0151en kellemes viseletet ny\u00fajt, mik\u00f6zben kifinomult, n\u0151ies hat\u00e1st kelt.<\/p>\n<p>A gumis der\u00e9kr\u00e9sz rugalmas \u00e9s komfortos illeszked\u00e9st biztos\u00edt, \u00edgy eg\u00e9sz nap k\u00e9nyelmesen hordhat\u00f3. K\u00f6nnyen kombin\u00e1lhat\u00f3 eleg\u00e1ns bl\u00fazzal vagy laz\u00e1bb fels\u0151vel is, ez\u00e9rt ide\u00e1lis v\u00e1laszt\u00e1s alkalmi esem\u00e9nyekre, irodai viselethez vagy csinos h\u00e9tk\u00f6znapi outfitekhez.<br \/>\nM\u00e9retez\u00e9s: m\u00e9reth\u0171<\/p>","protected":false},"excerpt":{"rendered":"<p>Zara fekete b\u00e1rsony anyag\u00fa hossz\u00fa nadr\u00e1g \u2013 gumis der\u00e9kkal Eleg\u00e1ns \u00e9s k\u00e9nyelmes darab, amely st\u00edlusos megjelen\u00e9st biztos\u00edt. Ez a Zara<a class=\"read-more\" href=\"https:\/\/vizomix.hu\/en\/product\/zara-barsony-hosszu-nadrag\/\">Tov\u00e1bb<\/a><\/p>","protected":false},"featured_media":1148,"comment_status":"open","ping_status":"closed","template":"","meta":[],"product_brand":[76],"product_cat":[41],"product_tag":[],"class_list":{"0":"post-1150","1":"product","2":"type-product","3":"status-publish","4":"has-post-thumbnail","6":"product_brand-zara","7":"product_cat-hosszu-nadragok","9":"first","10":"instock","11":"taxable","12":"shipping-taxable","13":"purchasable","14":"product-type-variable","15":"add-to-wishlist-before_add_to_cart"},"supplier_id":null,"supplier_sku":"","barcode":null,"atum_controlled":true,"out_stock_date":null,"out_stock_threshold":null,"inheritable":false,"inbound_stock":null,"stock_on_hold":0,"sold_today":0,"sales_last_days":0,"reserved_stock":null,"customer_returns":null,"warehouse_damage":null,"lost_in_post":null,"other_logs":null,"out_stock_days":0,"lost_sales":0,"has_location":null,"update_date":"2026-03-18T12:21:45","atum_locations":[],"atum_stock_status":"instock","restock_status":false,"low_stock_amount":"","sales_update_date":"2026-03-17T19:15:20","calc_backorders":null,"_links":{"self":[{"href":"https:\/\/vizomix.hu\/en\/wp-json\/wp\/v2\/product\/1150","targetHints":{"allow":["GET"]}}],"collection":[{"href":"https:\/\/vizomix.hu\/en\/wp-json\/wp\/v2\/product"}],"about":[{"href":"https:\/\/vizomix.hu\/en\/wp-json\/wp\/v2\/types\/product"}],"replies":[{"embeddable":true,"href":"https:\/\/vizomix.hu\/en\/wp-json\/wp\/v2\/comments?post=1150"}],"wp:featuredmedia":[{"embeddable":true,"href":"https:\/\/vizomix.hu\/en\/wp-json\/wp\/v2\/media\/1148"}],"wp:attachment":[{"href":"https:\/\/vizomix.hu\/en\/wp-json\/wp\/v2\/media?parent=1150"}],"wp:term":[{"taxonomy":"product_brand","embeddable":true,"href":"https:\/\/vizomix.hu\/en\/wp-json\/wp\/v2\/product_brand?post=1150"},{"taxonomy":"product_cat","embeddable":true,"href":"https:\/\/vizomix.hu\/en\/wp-json\/wp\/v2\/product_cat?post=1150"},{"taxonomy":"product_tag","embeddable":true,"href":"https:\/\/vizomix.hu\/en\/wp-json\/wp\/v2\/product_tag?post=1150"}],"curies":[{"name":"wp","href":"https:\/\/api.w.org\/{rel}","templated":true}]}}