{"id":1146,"date":"2026-02-11T21:27:32","date_gmt":"2026-02-11T20:27:32","guid":{"rendered":"https:\/\/vizomix.hu\/termek\/zara-crop-blezer-2\/"},"modified":"2026-03-18T13:21:43","modified_gmt":"2026-03-18T12:21:43","slug":"zara-crop-blezer-2","status":"publish","type":"product","link":"https:\/\/vizomix.hu\/en\/product\/zara-crop-blezer-2\/","title":{"rendered":"Zara fekete crop csinos bl\u00e9zer"},"content":{"rendered":"<p>Zara fekete crop csinos bl\u00e9zer \u2013 egygombos r\u00f6gz\u00edt\u00e9ssel<\/p>\n<p>Modern \u00e9s eleg\u00e1ns darab, amely st\u00edlusos kieg\u00e9sz\u00edt\u0151je lehet b\u00e1rmely \u00f6ssze\u00e1ll\u00edt\u00e1snak. Ez a Zara fekete crop fazon\u00fa bl\u00e9zer r\u00f6videbb szab\u00e1s\u00e1val n\u0151ies \u00e9s trendi megjelen\u00e9st biztos\u00edt.<\/p>\n<p>Az egygombos r\u00f6gz\u00edt\u00e9s letisztult, kifinomult hat\u00e1st kelt, mik\u00f6zben sz\u00e9pen kiemeli a der\u00e9kvonalat. K\u00f6nnyen kombin\u00e1lhat\u00f3 magas derek\u00fa nadr\u00e1ggal, szokny\u00e1val vagy ak\u00e1r ruh\u00e1val is, \u00edgy ide\u00e1lis v\u00e1laszt\u00e1s alkalmakra, irod\u00e1ba vagy eleg\u00e1nsabb h\u00e9tk\u00f6znapi viselethez.<br \/>\nM\u00e9retez\u00e9s: m\u00e9reth\u0171<\/p>","protected":false},"excerpt":{"rendered":"<p>Zara fekete crop csinos bl\u00e9zer \u2013 egygombos r\u00f6gz\u00edt\u00e9ssel Modern \u00e9s eleg\u00e1ns darab, amely st\u00edlusos kieg\u00e9sz\u00edt\u0151je lehet b\u00e1rmely \u00f6ssze\u00e1ll\u00edt\u00e1snak. Ez a<a class=\"read-more\" href=\"https:\/\/vizomix.hu\/en\/product\/zara-crop-blezer-2\/\">Tov\u00e1bb<\/a><\/p>","protected":false},"featured_media":1144,"comment_status":"open","ping_status":"closed","template":"","meta":[],"product_brand":[76],"product_cat":[38],"product_tag":[],"class_list":{"0":"post-1146","1":"product","2":"type-product","3":"status-publish","4":"has-post-thumbnail","6":"product_brand-zara","7":"product_cat-blezerek","9":"first","10":"instock","11":"taxable","12":"shipping-taxable","13":"purchasable","14":"product-type-variable","15":"add-to-wishlist-before_add_to_cart"},"supplier_id":null,"supplier_sku":"","barcode":null,"atum_controlled":true,"out_stock_date":null,"out_stock_threshold":null,"inheritable":false,"inbound_stock":null,"stock_on_hold":0,"sold_today":0,"sales_last_days":0,"reserved_stock":null,"customer_returns":null,"warehouse_damage":null,"lost_in_post":null,"other_logs":null,"out_stock_days":0,"lost_sales":0,"has_location":null,"update_date":"2026-03-18T12:21:45","atum_locations":[],"atum_stock_status":"instock","restock_status":false,"low_stock_amount":"","sales_update_date":"2026-03-17T19:15:20","calc_backorders":null,"_links":{"self":[{"href":"https:\/\/vizomix.hu\/en\/wp-json\/wp\/v2\/product\/1146","targetHints":{"allow":["GET"]}}],"collection":[{"href":"https:\/\/vizomix.hu\/en\/wp-json\/wp\/v2\/product"}],"about":[{"href":"https:\/\/vizomix.hu\/en\/wp-json\/wp\/v2\/types\/product"}],"replies":[{"embeddable":true,"href":"https:\/\/vizomix.hu\/en\/wp-json\/wp\/v2\/comments?post=1146"}],"wp:featuredmedia":[{"embeddable":true,"href":"https:\/\/vizomix.hu\/en\/wp-json\/wp\/v2\/media\/1144"}],"wp:attachment":[{"href":"https:\/\/vizomix.hu\/en\/wp-json\/wp\/v2\/media?parent=1146"}],"wp:term":[{"taxonomy":"product_brand","embeddable":true,"href":"https:\/\/vizomix.hu\/en\/wp-json\/wp\/v2\/product_brand?post=1146"},{"taxonomy":"product_cat","embeddable":true,"href":"https:\/\/vizomix.hu\/en\/wp-json\/wp\/v2\/product_cat?post=1146"},{"taxonomy":"product_tag","embeddable":true,"href":"https:\/\/vizomix.hu\/en\/wp-json\/wp\/v2\/product_tag?post=1146"}],"curies":[{"name":"wp","href":"https:\/\/api.w.org\/{rel}","templated":true}]}}