{"id":1138,"date":"2026-02-11T21:23:57","date_gmt":"2026-02-11T20:23:57","guid":{"rendered":"https:\/\/vizomix.hu\/termek\/zara-rovid-ruha-8\/"},"modified":"2026-03-18T13:21:43","modified_gmt":"2026-03-18T12:21:43","slug":"zara-rovid-ruha-8","status":"publish","type":"product","link":"https:\/\/vizomix.hu\/en\/product\/zara-rovid-ruha-8\/","title":{"rendered":"Zara fekete fodros r\u00f6vid ruha"},"content":{"rendered":"<p>Zara fekete fodros A-vonal\u00fa r\u00f6vid ruha \u2013 n\u0151ies \u00e9s eleg\u00e1ns fazon<\/p>\n<p>Ez a Zara fekete r\u00f6vid ruha igaz\u00e1n n\u0151ies \u00e9s sokoldal\u00fa darab. Az A-vonal\u00fa szab\u00e1s el\u0151ny\u00f6sen kiemeli az alakot, mik\u00f6zben k\u00e9nyelmes viseletet biztos\u00edt.<\/p>\n<p>A fodros r\u00e9szletek j\u00e1t\u00e9kos, romantikus hangulatot k\u00f6lcs\u00f6n\u00f6znek a ruh\u00e1nak, a klasszikus fekete sz\u00edn pedig id\u0151tlen eleganci\u00e1t sugall. T\u00f6k\u00e9letes v\u00e1laszt\u00e1s alkalmakra, vacsor\u00e1kra vagy ak\u00e1r egy csinosabb h\u00e9tk\u00f6znapi megjelen\u00e9shez is. K\u00f6nnyen kombin\u00e1lhat\u00f3 magassark\u00faval vagy eleg\u00e1ns bokacsizm\u00e1val.<br \/>\nM\u00e9retez\u00e9s: m\u00e9reth\u0171<\/p>","protected":false},"excerpt":{"rendered":"<p>Zara fekete fodros A-vonal\u00fa r\u00f6vid ruha \u2013 n\u0151ies \u00e9s eleg\u00e1ns fazon Ez a Zara fekete r\u00f6vid ruha igaz\u00e1n n\u0151ies \u00e9s<a class=\"read-more\" href=\"https:\/\/vizomix.hu\/en\/product\/zara-rovid-ruha-8\/\">Tov\u00e1bb<\/a><\/p>","protected":false},"featured_media":1136,"comment_status":"open","ping_status":"closed","template":"","meta":[],"product_brand":[76],"product_cat":[34],"product_tag":[],"class_list":{"0":"post-1138","1":"product","2":"type-product","3":"status-publish","4":"has-post-thumbnail","6":"product_brand-zara","7":"product_cat-rovid-ruhak-overalok","9":"first","10":"instock","11":"taxable","12":"shipping-taxable","13":"purchasable","14":"product-type-variable","15":"add-to-wishlist-before_add_to_cart"},"supplier_id":null,"supplier_sku":"","barcode":null,"atum_controlled":true,"out_stock_date":null,"out_stock_threshold":null,"inheritable":false,"inbound_stock":null,"stock_on_hold":0,"sold_today":0,"sales_last_days":0,"reserved_stock":null,"customer_returns":null,"warehouse_damage":null,"lost_in_post":null,"other_logs":null,"out_stock_days":0,"lost_sales":0,"has_location":null,"update_date":"2026-03-18T12:21:45","atum_locations":[],"atum_stock_status":"instock","restock_status":false,"low_stock_amount":"","sales_update_date":"2026-03-17T19:15:20","calc_backorders":null,"_links":{"self":[{"href":"https:\/\/vizomix.hu\/en\/wp-json\/wp\/v2\/product\/1138","targetHints":{"allow":["GET"]}}],"collection":[{"href":"https:\/\/vizomix.hu\/en\/wp-json\/wp\/v2\/product"}],"about":[{"href":"https:\/\/vizomix.hu\/en\/wp-json\/wp\/v2\/types\/product"}],"replies":[{"embeddable":true,"href":"https:\/\/vizomix.hu\/en\/wp-json\/wp\/v2\/comments?post=1138"}],"wp:featuredmedia":[{"embeddable":true,"href":"https:\/\/vizomix.hu\/en\/wp-json\/wp\/v2\/media\/1136"}],"wp:attachment":[{"href":"https:\/\/vizomix.hu\/en\/wp-json\/wp\/v2\/media?parent=1138"}],"wp:term":[{"taxonomy":"product_brand","embeddable":true,"href":"https:\/\/vizomix.hu\/en\/wp-json\/wp\/v2\/product_brand?post=1138"},{"taxonomy":"product_cat","embeddable":true,"href":"https:\/\/vizomix.hu\/en\/wp-json\/wp\/v2\/product_cat?post=1138"},{"taxonomy":"product_tag","embeddable":true,"href":"https:\/\/vizomix.hu\/en\/wp-json\/wp\/v2\/product_tag?post=1138"}],"curies":[{"name":"wp","href":"https:\/\/api.w.org\/{rel}","templated":true}]}}