{"id":1111,"date":"2026-02-11T17:14:47","date_gmt":"2026-02-11T16:14:47","guid":{"rendered":"https:\/\/vizomix.hu\/termek\/tom-tailor-ecru-polo\/"},"modified":"2026-03-18T13:21:43","modified_gmt":"2026-03-18T12:21:43","slug":"tom-tailor-ecru-polo","status":"publish","type":"product","link":"https:\/\/vizomix.hu\/en\/product\/tom-tailor-ecru-polo\/","title":{"rendered":"Tom Tailor ecru t-shirt"},"content":{"rendered":"<p>Tom Tailor f\u00e9rfi lezser p\u00f3l\u00f3, mellr\u00e9szen mint\u00e1val \u2013 100% pamut, ecr\u00fc<\/p>\n<p>K\u00e9nyelmes \u00e9s st\u00edlusos darab a mindennapokra. Ez a Tom Tailor f\u00e9rfi p\u00f3l\u00f3 100% pamut anyag\u00e1nak k\u00f6sz\u00f6nhet\u0151en puha, l\u00e9g\u00e1tereszt\u0151 \u00e9s kellemes viseletet biztos\u00edt eg\u00e9sz nap.<\/p>\n<p>A mellr\u00e9szen tal\u00e1lhat\u00f3 minta modern, fiatalos r\u00e9szletk\u00e9nt emeli ki a p\u00f3l\u00f3t, m\u00edg a lezser szab\u00e1s gondoskodik a szabad mozg\u00e1sr\u00f3l. Az ecr\u00fc sz\u00edn friss \u00e9s k\u00f6nnyen kombin\u00e1lhat\u00f3, t\u00f6k\u00e9letes v\u00e1laszt\u00e1s h\u00e9tk\u00f6znapi, casual outfitekhez.<br \/>\nM\u00e9retez\u00e9s: m\u00e9reth\u0171<\/p>","protected":false},"excerpt":{"rendered":"<p>Tom Tailor f\u00e9rfi lezser p\u00f3l\u00f3, mellr\u00e9szen mint\u00e1val \u2013 100% pamut, ecr\u00fc K\u00e9nyelmes \u00e9s st\u00edlusos darab a mindennapokra. Ez a Tom<a class=\"read-more\" href=\"https:\/\/vizomix.hu\/en\/product\/tom-tailor-ecru-polo\/\">Tov\u00e1bb<\/a><\/p>","protected":false},"featured_media":1109,"comment_status":"open","ping_status":"closed","template":"","meta":[],"product_brand":[89],"product_cat":[121],"product_tag":[],"class_list":{"0":"post-1111","1":"product","2":"type-product","3":"status-publish","4":"has-post-thumbnail","6":"product_brand-tom-tailor","7":"product_cat-felso-ruhazat-triko-polo-felsoresz","9":"first","10":"instock","11":"taxable","12":"shipping-taxable","13":"purchasable","14":"product-type-variable","15":"add-to-wishlist-before_add_to_cart"},"supplier_id":null,"supplier_sku":"","barcode":null,"atum_controlled":true,"out_stock_date":null,"out_stock_threshold":null,"inheritable":false,"inbound_stock":null,"stock_on_hold":0,"sold_today":0,"sales_last_days":0,"reserved_stock":null,"customer_returns":null,"warehouse_damage":null,"lost_in_post":null,"other_logs":null,"out_stock_days":0,"lost_sales":0,"has_location":null,"update_date":"2026-03-18T12:21:45","atum_locations":[],"atum_stock_status":"instock","restock_status":false,"low_stock_amount":"","sales_update_date":"2026-03-17T19:15:20","calc_backorders":null,"_links":{"self":[{"href":"https:\/\/vizomix.hu\/en\/wp-json\/wp\/v2\/product\/1111","targetHints":{"allow":["GET"]}}],"collection":[{"href":"https:\/\/vizomix.hu\/en\/wp-json\/wp\/v2\/product"}],"about":[{"href":"https:\/\/vizomix.hu\/en\/wp-json\/wp\/v2\/types\/product"}],"replies":[{"embeddable":true,"href":"https:\/\/vizomix.hu\/en\/wp-json\/wp\/v2\/comments?post=1111"}],"wp:featuredmedia":[{"embeddable":true,"href":"https:\/\/vizomix.hu\/en\/wp-json\/wp\/v2\/media\/1109"}],"wp:attachment":[{"href":"https:\/\/vizomix.hu\/en\/wp-json\/wp\/v2\/media?parent=1111"}],"wp:term":[{"taxonomy":"product_brand","embeddable":true,"href":"https:\/\/vizomix.hu\/en\/wp-json\/wp\/v2\/product_brand?post=1111"},{"taxonomy":"product_cat","embeddable":true,"href":"https:\/\/vizomix.hu\/en\/wp-json\/wp\/v2\/product_cat?post=1111"},{"taxonomy":"product_tag","embeddable":true,"href":"https:\/\/vizomix.hu\/en\/wp-json\/wp\/v2\/product_tag?post=1111"}],"curies":[{"name":"wp","href":"https:\/\/api.w.org\/{rel}","templated":true}]}}