{"id":1092,"date":"2026-02-11T17:01:25","date_gmt":"2026-02-11T16:01:25","guid":{"rendered":"https:\/\/vizomix.hu\/termek\/zara-szormehatasu-kabat\/"},"modified":"2026-03-18T13:21:43","modified_gmt":"2026-03-18T12:21:43","slug":"zara-szormehatasu-kabat","status":"publish","type":"product","link":"https:\/\/vizomix.hu\/en\/product\/zara-szormehatasu-kabat\/","title":{"rendered":"Zara csokibarna sz\u0151rmehat\u00e1s\u00fa csinos meleg kab\u00e1t el\u00fcls\u0151 kapcsokkal, zsebekkel \u00e9s \u00f6vvel"},"content":{"rendered":"<p>Zara csokibarna sz\u0151rmehat\u00e1s\u00fa csinos kab\u00e1t \u2013 el\u00fcls\u0151 kapcsokkal, zsebekkel \u00e9s \u00f6vvel<\/p>\n<p>Meleg \u00e9s n\u0151ies darab a hidegebb napokra. Ez a Zara csokibarna kab\u00e1t puha, sz\u0151rmehat\u00e1s\u00fa anyag\u00e1val kellemes viseletet biztos\u00edt, mik\u00f6zben st\u00edlusos, kifinomult megjelen\u00e9st k\u00f6lcs\u00f6n\u00f6z.<\/p>\n<p>Az el\u00fcls\u0151 kapcsok \u00e9s az \u00f6v dekorat\u00edv, m\u00e9gis praktikus r\u00e9szletek, a zsebek pedig k\u00e9nyelmes t\u00e1rol\u00e1st biztos\u00edtanak. T\u00f6k\u00e9letes v\u00e1laszt\u00e1s h\u00e9tk\u00f6znapi outfitekhez, v\u00e1rosi s\u00e9t\u00e1khoz vagy eleg\u00e1ns, meleg t\u00e9li megjelen\u00e9shez.<br \/>\nM\u00e9retez\u00e9s: m\u00e9reth\u0171<\/p>","protected":false},"excerpt":{"rendered":"<p>Zara csokibarna sz\u0151rmehat\u00e1s\u00fa csinos kab\u00e1t \u2013 el\u00fcls\u0151 kapcsokkal, zsebekkel \u00e9s \u00f6vvel Meleg \u00e9s n\u0151ies darab a hidegebb napokra. Ez a<a class=\"read-more\" href=\"https:\/\/vizomix.hu\/en\/product\/zara-szormehatasu-kabat\/\">Tov\u00e1bb<\/a><\/p>","protected":false},"featured_media":1090,"comment_status":"open","ping_status":"closed","template":"","meta":[],"product_brand":[76],"product_cat":[23],"product_tag":[],"class_list":{"0":"post-1092","1":"product","2":"type-product","3":"status-publish","4":"has-post-thumbnail","6":"product_brand-zara","7":"product_cat-kabatok","9":"first","10":"instock","11":"taxable","12":"shipping-taxable","13":"purchasable","14":"product-type-variable","15":"add-to-wishlist-before_add_to_cart"},"supplier_id":null,"supplier_sku":"","barcode":null,"atum_controlled":true,"out_stock_date":null,"out_stock_threshold":null,"inheritable":false,"inbound_stock":null,"stock_on_hold":0,"sold_today":0,"sales_last_days":0,"reserved_stock":null,"customer_returns":null,"warehouse_damage":null,"lost_in_post":null,"other_logs":null,"out_stock_days":0,"lost_sales":0,"has_location":null,"update_date":"2026-03-18T12:21:45","atum_locations":[],"atum_stock_status":"instock","restock_status":false,"low_stock_amount":"","sales_update_date":"2026-03-17T19:15:20","calc_backorders":null,"_links":{"self":[{"href":"https:\/\/vizomix.hu\/en\/wp-json\/wp\/v2\/product\/1092","targetHints":{"allow":["GET"]}}],"collection":[{"href":"https:\/\/vizomix.hu\/en\/wp-json\/wp\/v2\/product"}],"about":[{"href":"https:\/\/vizomix.hu\/en\/wp-json\/wp\/v2\/types\/product"}],"replies":[{"embeddable":true,"href":"https:\/\/vizomix.hu\/en\/wp-json\/wp\/v2\/comments?post=1092"}],"wp:featuredmedia":[{"embeddable":true,"href":"https:\/\/vizomix.hu\/en\/wp-json\/wp\/v2\/media\/1090"}],"wp:attachment":[{"href":"https:\/\/vizomix.hu\/en\/wp-json\/wp\/v2\/media?parent=1092"}],"wp:term":[{"taxonomy":"product_brand","embeddable":true,"href":"https:\/\/vizomix.hu\/en\/wp-json\/wp\/v2\/product_brand?post=1092"},{"taxonomy":"product_cat","embeddable":true,"href":"https:\/\/vizomix.hu\/en\/wp-json\/wp\/v2\/product_cat?post=1092"},{"taxonomy":"product_tag","embeddable":true,"href":"https:\/\/vizomix.hu\/en\/wp-json\/wp\/v2\/product_tag?post=1092"}],"curies":[{"name":"wp","href":"https:\/\/api.w.org\/{rel}","templated":true}]}}