{"id":1087,"date":"2026-02-11T16:56:55","date_gmt":"2026-02-11T15:56:55","guid":{"rendered":"https:\/\/vizomix.hu\/termek\/zara-overall-ovvel\/"},"modified":"2026-03-18T13:21:43","modified_gmt":"2026-03-18T12:21:43","slug":"zara-overall-ovvel","status":"publish","type":"product","link":"https:\/\/vizomix.hu\/en\/product\/zara-overall-ovvel\/","title":{"rendered":"Zara fekete feh\u00e9r mint\u00e1s csinos over\u00e1ll\/playsuit \u00f6vvel"},"content":{"rendered":"<p>Zara fekete-feh\u00e9r csinos over\u00e1ll\/playsuit, \u00f6vvel<\/p>\n<p>St\u00edlusos \u00e9s n\u0151ies darab a melegebb napokra. Ez a Zara fekete-feh\u00e9r over\u00e1ll lenge fazonja r\u00e9v\u00e9n k\u00e9nyelmes \u00e9s l\u00e9gies viseletet biztos\u00edt, mik\u00f6zben csinos, kifinomult megjelen\u00e9st ad.<\/p>\n<p>Az \u00f6v seg\u00edts\u00e9g\u00e9vel der\u00e9kban szab\u00e1lyozhat\u00f3 az illeszked\u00e9s, \u00edgy el\u0151ny\u00f6sen hangs\u00falyozza az alakot. T\u00f6k\u00e9letes v\u00e1laszt\u00e1s h\u00e9tk\u00f6znapi szettekhez, ny\u00e1ri programokra vagy egy csinos, alkalmi megjelen\u00e9shez.<br \/>\nM\u00e9retez\u00e9s: m\u00e9reth\u0171<\/p>","protected":false},"excerpt":{"rendered":"<p>Zara fekete-feh\u00e9r csinos over\u00e1ll\/playsuit, \u00f6vvel St\u00edlusos \u00e9s n\u0151ies darab a melegebb napokra. Ez a Zara fekete-feh\u00e9r over\u00e1ll lenge fazonja r\u00e9v\u00e9n<a class=\"read-more\" href=\"https:\/\/vizomix.hu\/en\/product\/zara-overall-ovvel\/\">Tov\u00e1bb<\/a><\/p>","protected":false},"featured_media":1085,"comment_status":"open","ping_status":"closed","template":"","meta":[],"product_brand":[76],"product_cat":[34],"product_tag":[],"class_list":{"0":"post-1087","1":"product","2":"type-product","3":"status-publish","4":"has-post-thumbnail","6":"product_brand-zara","7":"product_cat-rovid-ruhak-overalok","9":"first","10":"instock","11":"taxable","12":"shipping-taxable","13":"purchasable","14":"product-type-variable","15":"add-to-wishlist-before_add_to_cart"},"supplier_id":null,"supplier_sku":"","barcode":null,"atum_controlled":true,"out_stock_date":null,"out_stock_threshold":null,"inheritable":false,"inbound_stock":null,"stock_on_hold":0,"sold_today":0,"sales_last_days":0,"reserved_stock":null,"customer_returns":null,"warehouse_damage":null,"lost_in_post":null,"other_logs":null,"out_stock_days":0,"lost_sales":0,"has_location":null,"update_date":"2026-03-18T12:21:45","atum_locations":[],"atum_stock_status":"instock","restock_status":false,"low_stock_amount":"","sales_update_date":"2026-03-17T19:15:20","calc_backorders":null,"_links":{"self":[{"href":"https:\/\/vizomix.hu\/en\/wp-json\/wp\/v2\/product\/1087","targetHints":{"allow":["GET"]}}],"collection":[{"href":"https:\/\/vizomix.hu\/en\/wp-json\/wp\/v2\/product"}],"about":[{"href":"https:\/\/vizomix.hu\/en\/wp-json\/wp\/v2\/types\/product"}],"replies":[{"embeddable":true,"href":"https:\/\/vizomix.hu\/en\/wp-json\/wp\/v2\/comments?post=1087"}],"wp:featuredmedia":[{"embeddable":true,"href":"https:\/\/vizomix.hu\/en\/wp-json\/wp\/v2\/media\/1085"}],"wp:attachment":[{"href":"https:\/\/vizomix.hu\/en\/wp-json\/wp\/v2\/media?parent=1087"}],"wp:term":[{"taxonomy":"product_brand","embeddable":true,"href":"https:\/\/vizomix.hu\/en\/wp-json\/wp\/v2\/product_brand?post=1087"},{"taxonomy":"product_cat","embeddable":true,"href":"https:\/\/vizomix.hu\/en\/wp-json\/wp\/v2\/product_cat?post=1087"},{"taxonomy":"product_tag","embeddable":true,"href":"https:\/\/vizomix.hu\/en\/wp-json\/wp\/v2\/product_tag?post=1087"}],"curies":[{"name":"wp","href":"https:\/\/api.w.org\/{rel}","templated":true}]}}