{"id":1083,"date":"2026-02-11T16:54:15","date_gmt":"2026-02-11T15:54:15","guid":{"rendered":"https:\/\/vizomix.hu\/termek\/zara-rovid-pufi-kabat\/"},"modified":"2026-03-18T13:21:43","modified_gmt":"2026-03-18T12:21:43","slug":"zara-rovid-pufi-kabat","status":"publish","type":"product","link":"https:\/\/vizomix.hu\/en\/product\/zara-rovid-pufi-kabat\/","title":{"rendered":"Zara dark grey short puffy jacket"},"content":{"rendered":"<p>Zara s\u00f6t\u00e9tsz\u00fcrke r\u00f6vid pufi kab\u00e1t \u2013 nagyobb m\u00e9retez\u00e9s, magas\u00edtott nyakkal<\/p>\n<p>Meleg \u00e9s k\u00e9nyelmes v\u00e1laszt\u00e1s a hideg napokra. Ez a Zara s\u00f6t\u00e9tsz\u00fcrke r\u00f6vid pufi kab\u00e1t puha, b\u00e9lelt anyag\u00e1nak k\u00f6sz\u00f6nhet\u0151en extra meleget biztos\u00edt, mik\u00f6zben modern, letisztult megjelen\u00e9st ad.<\/p>\n<p>A nagyobb m\u00e9retez\u00e9s lehet\u0151v\u00e9 teszi a r\u00e9tegez\u00e9st, az el\u0151l tal\u00e1lhat\u00f3 cipz\u00e1r praktikus fel- \u00e9s lev\u00e9telt biztos\u00edt, a magas\u00edtott nyak pedig extra v\u00e9delmet ny\u00fajt a sz\u00e9l \u00e9s a hideg ellen. Ide\u00e1lis v\u00e1laszt\u00e1s h\u00e9tk\u00f6znapi viselethez, v\u00e1rosi s\u00e9t\u00e1khoz vagy szabadt\u00e9ri programokra.<br \/>\nM\u00e9retez\u00e9s: nagyobb m\u00e9ret<\/p>","protected":false},"excerpt":{"rendered":"<p>Zara s\u00f6t\u00e9tsz\u00fcrke r\u00f6vid pufi kab\u00e1t \u2013 nagyobb m\u00e9retez\u00e9s, magas\u00edtott nyakkal Meleg \u00e9s k\u00e9nyelmes v\u00e1laszt\u00e1s a hideg napokra. Ez a Zara<a class=\"read-more\" href=\"https:\/\/vizomix.hu\/en\/product\/zara-rovid-pufi-kabat\/\">Tov\u00e1bb<\/a><\/p>","protected":false},"featured_media":1082,"comment_status":"open","ping_status":"closed","template":"","meta":[],"product_brand":[76],"product_cat":[23],"product_tag":[],"class_list":{"0":"post-1083","1":"product","2":"type-product","3":"status-publish","4":"has-post-thumbnail","6":"product_brand-zara","7":"product_cat-kabatok","9":"first","10":"instock","11":"taxable","12":"shipping-taxable","13":"purchasable","14":"product-type-variable","15":"add-to-wishlist-before_add_to_cart"},"supplier_id":null,"supplier_sku":"","barcode":null,"atum_controlled":true,"out_stock_date":null,"out_stock_threshold":null,"inheritable":false,"inbound_stock":null,"stock_on_hold":0,"sold_today":0,"sales_last_days":0,"reserved_stock":null,"customer_returns":null,"warehouse_damage":null,"lost_in_post":null,"other_logs":null,"out_stock_days":0,"lost_sales":0,"has_location":null,"update_date":"2026-03-18T12:21:45","atum_locations":[],"atum_stock_status":"instock","restock_status":false,"low_stock_amount":"","sales_update_date":"2026-03-17T19:15:20","calc_backorders":null,"_links":{"self":[{"href":"https:\/\/vizomix.hu\/en\/wp-json\/wp\/v2\/product\/1083","targetHints":{"allow":["GET"]}}],"collection":[{"href":"https:\/\/vizomix.hu\/en\/wp-json\/wp\/v2\/product"}],"about":[{"href":"https:\/\/vizomix.hu\/en\/wp-json\/wp\/v2\/types\/product"}],"replies":[{"embeddable":true,"href":"https:\/\/vizomix.hu\/en\/wp-json\/wp\/v2\/comments?post=1083"}],"wp:featuredmedia":[{"embeddable":true,"href":"https:\/\/vizomix.hu\/en\/wp-json\/wp\/v2\/media\/1082"}],"wp:attachment":[{"href":"https:\/\/vizomix.hu\/en\/wp-json\/wp\/v2\/media?parent=1083"}],"wp:term":[{"taxonomy":"product_brand","embeddable":true,"href":"https:\/\/vizomix.hu\/en\/wp-json\/wp\/v2\/product_brand?post=1083"},{"taxonomy":"product_cat","embeddable":true,"href":"https:\/\/vizomix.hu\/en\/wp-json\/wp\/v2\/product_cat?post=1083"},{"taxonomy":"product_tag","embeddable":true,"href":"https:\/\/vizomix.hu\/en\/wp-json\/wp\/v2\/product_tag?post=1083"}],"curies":[{"name":"wp","href":"https:\/\/api.w.org\/{rel}","templated":true}]}}