{"id":1079,"date":"2026-02-11T16:52:05","date_gmt":"2026-02-11T15:52:05","guid":{"rendered":"https:\/\/vizomix.hu\/termek\/zara-bomber-kabat-kifordithato\/"},"modified":"2026-03-18T13:21:43","modified_gmt":"2026-03-18T12:21:43","slug":"zara-bomber-kabat-kifordithato","status":"publish","type":"product","link":"https:\/\/vizomix.hu\/en\/product\/zara-bomber-kabat-kifordithato\/","title":{"rendered":"Zara fekete meleg kiford\u00edthat\u00f3 bomber kab\u00e1t"},"content":{"rendered":"<p>Zara fekete meleg bomber kab\u00e1t \u2013 kiford\u00edthat\u00f3<\/p>\n<p>Praktikus \u00e9s st\u00edlusos darab a hidegebb napokra. Ez a Zara fekete bomber kab\u00e1t meleg, puha anyag\u00e1nak k\u00f6sz\u00f6nhet\u0151en kellemes viseletet biztos\u00edt, mik\u00f6zben modern, sportos megjelen\u00e9st ad.<\/p>\n<p>A kab\u00e1t k\u00fcl\u00f6nlegess\u00e9ge, hogy kiford\u00edthat\u00f3, \u00edgy k\u00e9tf\u00e9le st\u00edlust k\u00edn\u00e1l egyetlen darabbal. T\u00f6k\u00e9letes v\u00e1laszt\u00e1s h\u00e9tk\u00f6znapi outfitekhez, szabadt\u00e9ri programokra vagy trendi, r\u00e9tegezett szettekhez.<br \/>\nM\u00e9retez\u00e9s: nagyobb m\u00e9ret<\/p>","protected":false},"excerpt":{"rendered":"<p>Zara fekete meleg bomber kab\u00e1t \u2013 kiford\u00edthat\u00f3 Praktikus \u00e9s st\u00edlusos darab a hidegebb napokra. Ez a Zara fekete bomber kab\u00e1t<a class=\"read-more\" href=\"https:\/\/vizomix.hu\/en\/product\/zara-bomber-kabat-kifordithato\/\">Tov\u00e1bb<\/a><\/p>","protected":false},"featured_media":1078,"comment_status":"open","ping_status":"closed","template":"","meta":[],"product_brand":[76],"product_cat":[35],"product_tag":[],"class_list":{"0":"post-1079","1":"product","2":"type-product","3":"status-publish","4":"has-post-thumbnail","6":"product_brand-zara","7":"product_cat-atmeneti-kabatok","9":"first","10":"instock","11":"taxable","12":"shipping-taxable","13":"purchasable","14":"product-type-variable","15":"add-to-wishlist-before_add_to_cart"},"supplier_id":null,"supplier_sku":"","barcode":null,"atum_controlled":true,"out_stock_date":null,"out_stock_threshold":null,"inheritable":false,"inbound_stock":null,"stock_on_hold":0,"sold_today":0,"sales_last_days":0,"reserved_stock":null,"customer_returns":null,"warehouse_damage":null,"lost_in_post":null,"other_logs":null,"out_stock_days":0,"lost_sales":0,"has_location":null,"update_date":"2026-03-18T12:21:45","atum_locations":[],"atum_stock_status":"instock","restock_status":false,"low_stock_amount":"","sales_update_date":"2026-03-17T19:15:20","calc_backorders":null,"_links":{"self":[{"href":"https:\/\/vizomix.hu\/en\/wp-json\/wp\/v2\/product\/1079","targetHints":{"allow":["GET"]}}],"collection":[{"href":"https:\/\/vizomix.hu\/en\/wp-json\/wp\/v2\/product"}],"about":[{"href":"https:\/\/vizomix.hu\/en\/wp-json\/wp\/v2\/types\/product"}],"replies":[{"embeddable":true,"href":"https:\/\/vizomix.hu\/en\/wp-json\/wp\/v2\/comments?post=1079"}],"wp:featuredmedia":[{"embeddable":true,"href":"https:\/\/vizomix.hu\/en\/wp-json\/wp\/v2\/media\/1078"}],"wp:attachment":[{"href":"https:\/\/vizomix.hu\/en\/wp-json\/wp\/v2\/media?parent=1079"}],"wp:term":[{"taxonomy":"product_brand","embeddable":true,"href":"https:\/\/vizomix.hu\/en\/wp-json\/wp\/v2\/product_brand?post=1079"},{"taxonomy":"product_cat","embeddable":true,"href":"https:\/\/vizomix.hu\/en\/wp-json\/wp\/v2\/product_cat?post=1079"},{"taxonomy":"product_tag","embeddable":true,"href":"https:\/\/vizomix.hu\/en\/wp-json\/wp\/v2\/product_tag?post=1079"}],"curies":[{"name":"wp","href":"https:\/\/api.w.org\/{rel}","templated":true}]}}