{"id":1075,"date":"2026-02-11T16:49:50","date_gmt":"2026-02-11T15:49:50","guid":{"rendered":"https:\/\/vizomix.hu\/termek\/zara-sotetkek-hosszu-farmerszoknya\/"},"modified":"2026-03-18T13:21:43","modified_gmt":"2026-03-18T12:21:43","slug":"zara-sotetkek-hosszu-farmerszoknya","status":"publish","type":"product","link":"https:\/\/vizomix.hu\/en\/product\/zara-sotetkek-hosszu-farmerszoknya\/","title":{"rendered":"Zara s\u00f6t\u00e9tk\u00e9k hossz\u00fa farmerszoknya"},"content":{"rendered":"<p>Zara s\u00f6t\u00e9tk\u00e9k hossz\u00fa farmerszoknya, h\u00e1ts\u00f3 felv\u00e1g\u00e1ssal<\/p>\n<p>Klasszikus \u00e9s n\u0151ies darab, amely egyszerre st\u00edlusos \u00e9s k\u00e9nyelmes. Ez a Zara s\u00f6t\u00e9tk\u00e9k hossz\u00fa farmerszoknya id\u0151t\u00e1ll\u00f3 anyag\u00e1val \u00e9s letisztult fazonj\u00e1val k\u00f6nnyen kombin\u00e1lhat\u00f3 k\u00fcl\u00f6nb\u00f6z\u0151 szettekkel.<\/p>\n<p>Az el\u00fcls\u0151 gombos \u00e9s cipz\u00e1ras megold\u00e1s praktikus, m\u00edg a h\u00e1ts\u00f3 felv\u00e1g\u00e1s eleg\u00e1ns mozg\u00e1sszabads\u00e1got biztos\u00edt \u00e9s j\u00e1t\u00e9kos, csinos r\u00e9szletk\u00e9nt emeli ki a szokny\u00e1t. T\u00f6k\u00e9letes v\u00e1laszt\u00e1s h\u00e9tk\u00f6znapi outfitekhez, v\u00e1rosi s\u00e9t\u00e1khoz vagy st\u00edlusos alkalmi megjelen\u00e9shez.<br \/>\nM\u00e9retez\u00e9s: m\u00e9reth\u0171<\/p>","protected":false},"excerpt":{"rendered":"<p>Zara s\u00f6t\u00e9tk\u00e9k hossz\u00fa farmerszoknya, h\u00e1ts\u00f3 felv\u00e1g\u00e1ssal Klasszikus \u00e9s n\u0151ies darab, amely egyszerre st\u00edlusos \u00e9s k\u00e9nyelmes. Ez a Zara s\u00f6t\u00e9tk\u00e9k hossz\u00fa<a class=\"read-more\" href=\"https:\/\/vizomix.hu\/en\/product\/zara-sotetkek-hosszu-farmerszoknya\/\">Tov\u00e1bb<\/a><\/p>","protected":false},"featured_media":1073,"comment_status":"open","ping_status":"closed","template":"","meta":[],"product_brand":[76],"product_cat":[28],"product_tag":[],"class_list":{"0":"post-1075","1":"product","2":"type-product","3":"status-publish","4":"has-post-thumbnail","6":"product_brand-zara","7":"product_cat-szoknyak-skortok","9":"first","10":"instock","11":"taxable","12":"shipping-taxable","13":"purchasable","14":"product-type-variable","15":"add-to-wishlist-before_add_to_cart"},"supplier_id":null,"supplier_sku":"","barcode":null,"atum_controlled":true,"out_stock_date":null,"out_stock_threshold":null,"inheritable":false,"inbound_stock":null,"stock_on_hold":0,"sold_today":0,"sales_last_days":0,"reserved_stock":null,"customer_returns":null,"warehouse_damage":null,"lost_in_post":null,"other_logs":null,"out_stock_days":0,"lost_sales":0,"has_location":null,"update_date":"2026-03-18T12:21:45","atum_locations":[],"atum_stock_status":"instock","restock_status":false,"low_stock_amount":"","sales_update_date":"2026-03-17T19:15:20","calc_backorders":null,"_links":{"self":[{"href":"https:\/\/vizomix.hu\/en\/wp-json\/wp\/v2\/product\/1075","targetHints":{"allow":["GET"]}}],"collection":[{"href":"https:\/\/vizomix.hu\/en\/wp-json\/wp\/v2\/product"}],"about":[{"href":"https:\/\/vizomix.hu\/en\/wp-json\/wp\/v2\/types\/product"}],"replies":[{"embeddable":true,"href":"https:\/\/vizomix.hu\/en\/wp-json\/wp\/v2\/comments?post=1075"}],"wp:featuredmedia":[{"embeddable":true,"href":"https:\/\/vizomix.hu\/en\/wp-json\/wp\/v2\/media\/1073"}],"wp:attachment":[{"href":"https:\/\/vizomix.hu\/en\/wp-json\/wp\/v2\/media?parent=1075"}],"wp:term":[{"taxonomy":"product_brand","embeddable":true,"href":"https:\/\/vizomix.hu\/en\/wp-json\/wp\/v2\/product_brand?post=1075"},{"taxonomy":"product_cat","embeddable":true,"href":"https:\/\/vizomix.hu\/en\/wp-json\/wp\/v2\/product_cat?post=1075"},{"taxonomy":"product_tag","embeddable":true,"href":"https:\/\/vizomix.hu\/en\/wp-json\/wp\/v2\/product_tag?post=1075"}],"curies":[{"name":"wp","href":"https:\/\/api.w.org\/{rel}","templated":true}]}}