{"id":1067,"date":"2026-02-11T16:43:35","date_gmt":"2026-02-11T15:43:35","guid":{"rendered":"https:\/\/vizomix.hu\/termek\/nike-ferfi-hosszu-ujju-sportos-pulover\/"},"modified":"2026-03-28T11:21:31","modified_gmt":"2026-03-28T10:21:31","slug":"nike-ferfi-hosszu-ujju-sportos-pulover","status":"publish","type":"product","link":"https:\/\/vizomix.hu\/en\/product\/nike-ferfi-hosszu-ujju-sportos-pulover\/","title":{"rendered":"Nike f\u00e9rfi hossz\u00fa ujj\u00fa sportos pul\u00f3ver"},"content":{"rendered":"<p>Nike f\u00e9rfi hossz\u00fa ujj\u00fa sportos pul\u00f3ver<\/p>\n<p>K\u00e9nyelmes \u00e9s praktikus darab akt\u00edv mindennapokra. Ez a Nike f\u00e9rfi pul\u00f3ver puha, rugalmas anyag\u00e1nak k\u00f6sz\u00f6nhet\u0151en szabad mozg\u00e1st biztos\u00edt edz\u00e9s k\u00f6zben vagy szabadid\u0151s tev\u00e9kenys\u00e9gek sor\u00e1n.<\/p>\n<p>Hossz\u00fa ujj\u00fa kialak\u00edt\u00e1sa melegen tart, mik\u00f6zben sportos szab\u00e1sa modern, letisztult megjelen\u00e9st k\u00f6lcs\u00f6n\u00f6z. Ide\u00e1lis v\u00e1laszt\u00e1s fut\u00e1shoz, edz\u00e9shez, vagy k\u00e9nyelmes h\u00e9tk\u00f6znapi viselethez.<br \/>\nM\u00e9retez\u00e9s: m\u00e9reth\u0171<\/p>","protected":false},"excerpt":{"rendered":"<p>Nike f\u00e9rfi hossz\u00fa ujj\u00fa sportos pul\u00f3ver K\u00e9nyelmes \u00e9s praktikus darab akt\u00edv mindennapokra. Ez a Nike f\u00e9rfi pul\u00f3ver puha, rugalmas anyag\u00e1nak<a class=\"read-more\" href=\"https:\/\/vizomix.hu\/en\/product\/nike-ferfi-hosszu-ujju-sportos-pulover\/\">Tov\u00e1bb<\/a><\/p>","protected":false},"featured_media":6758,"comment_status":"open","ping_status":"closed","template":"","meta":[],"product_brand":[82],"product_cat":[24],"product_tag":[],"class_list":{"0":"post-1067","1":"product","2":"type-product","3":"status-publish","4":"has-post-thumbnail","6":"product_brand-nike","7":"product_cat-puloverek","9":"first","10":"instock","11":"taxable","12":"shipping-taxable","13":"purchasable","14":"product-type-variable","15":"add-to-wishlist-before_add_to_cart"},"supplier_id":null,"supplier_sku":"","barcode":null,"atum_controlled":true,"out_stock_date":null,"out_stock_threshold":null,"inheritable":false,"inbound_stock":null,"stock_on_hold":0,"sold_today":0,"sales_last_days":0,"reserved_stock":null,"customer_returns":null,"warehouse_damage":null,"lost_in_post":null,"other_logs":null,"out_stock_days":0,"lost_sales":0,"has_location":null,"update_date":"2026-03-28T10:21:31","atum_locations":[],"atum_stock_status":"instock","restock_status":false,"low_stock_amount":"","sales_update_date":"2026-03-17T19:15:20","calc_backorders":null,"_links":{"self":[{"href":"https:\/\/vizomix.hu\/en\/wp-json\/wp\/v2\/product\/1067","targetHints":{"allow":["GET"]}}],"collection":[{"href":"https:\/\/vizomix.hu\/en\/wp-json\/wp\/v2\/product"}],"about":[{"href":"https:\/\/vizomix.hu\/en\/wp-json\/wp\/v2\/types\/product"}],"replies":[{"embeddable":true,"href":"https:\/\/vizomix.hu\/en\/wp-json\/wp\/v2\/comments?post=1067"}],"wp:featuredmedia":[{"embeddable":true,"href":"https:\/\/vizomix.hu\/en\/wp-json\/wp\/v2\/media\/6758"}],"wp:attachment":[{"href":"https:\/\/vizomix.hu\/en\/wp-json\/wp\/v2\/media?parent=1067"}],"wp:term":[{"taxonomy":"product_brand","embeddable":true,"href":"https:\/\/vizomix.hu\/en\/wp-json\/wp\/v2\/product_brand?post=1067"},{"taxonomy":"product_cat","embeddable":true,"href":"https:\/\/vizomix.hu\/en\/wp-json\/wp\/v2\/product_cat?post=1067"},{"taxonomy":"product_tag","embeddable":true,"href":"https:\/\/vizomix.hu\/en\/wp-json\/wp\/v2\/product_tag?post=1067"}],"curies":[{"name":"wp","href":"https:\/\/api.w.org\/{rel}","templated":true}]}}