{"id":1064,"date":"2026-02-11T16:41:56","date_gmt":"2026-02-11T15:41:56","guid":{"rendered":"https:\/\/vizomix.hu\/termek\/zara-feher-blezer-es-nadrag-szett\/"},"modified":"2026-03-18T13:21:44","modified_gmt":"2026-03-18T12:21:44","slug":"zara-feher-blezer-es-nadrag-szett","status":"publish","type":"product","link":"https:\/\/vizomix.hu\/en\/product\/zara-feher-blezer-es-nadrag-szett\/","title":{"rendered":"Zara feh\u00e9r eleg\u00e1ns k\u00e9t fekete gombos bl\u00e9zer + nadr\u00e1g szett"},"content":{"rendered":"<p>Zara feh\u00e9r eleg\u00e1ns bl\u00e9zer- \u00e9s nadr\u00e1g szett, k\u00e9t fekete gombbal<\/p>\n<p>Kifinomult \u00e9s st\u00edlusos \u00f6ssze\u00e1ll\u00edt\u00e1s eleg\u00e1ns alkalmakra. Ez a Zara feh\u00e9r bl\u00e9zer \u00e9s hozz\u00e1 ill\u0151 nadr\u00e1g klasszikus szab\u00e1s\u00e1val \u00e9s letisztult vonalaival n\u0151ies, professzion\u00e1lis megjelen\u00e9st biztos\u00edt.<\/p>\n<p>A bl\u00e9zeren tal\u00e1lhat\u00f3 k\u00e9t fekete gomb dekorat\u00edv, karakteres r\u00e9szletk\u00e9nt emeli ki a szettet, mik\u00f6zben a nadr\u00e1g modern, karcs\u00fas\u00edtott fazonja eleganci\u00e1t k\u00f6lcs\u00f6n\u00f6z a megjelen\u00e9snek. T\u00f6k\u00e9letes v\u00e1laszt\u00e1s irodai viselethez, alkalmi esem\u00e9nyekre vagy st\u00edlusos esti programokra.<br \/>\nM\u00e9retez\u00e9s: m\u00e9reth\u0171<\/p>","protected":false},"excerpt":{"rendered":"<p>Zara feh\u00e9r eleg\u00e1ns bl\u00e9zer- \u00e9s nadr\u00e1g szett, k\u00e9t fekete gombbal Kifinomult \u00e9s st\u00edlusos \u00f6ssze\u00e1ll\u00edt\u00e1s eleg\u00e1ns alkalmakra. Ez a Zara feh\u00e9r<a class=\"read-more\" href=\"https:\/\/vizomix.hu\/en\/product\/zara-feher-blezer-es-nadrag-szett\/\">Tov\u00e1bb<\/a><\/p>","protected":false},"featured_media":1062,"comment_status":"open","ping_status":"closed","template":"","meta":[],"product_brand":[76],"product_cat":[30],"product_tag":[],"class_list":{"0":"post-1064","1":"product","2":"type-product","3":"status-publish","4":"has-post-thumbnail","6":"product_brand-zara","7":"product_cat-teljes-szettek","9":"first","10":"instock","11":"taxable","12":"shipping-taxable","13":"purchasable","14":"product-type-variable","15":"add-to-wishlist-before_add_to_cart"},"supplier_id":null,"supplier_sku":"","barcode":null,"atum_controlled":true,"out_stock_date":null,"out_stock_threshold":null,"inheritable":false,"inbound_stock":null,"stock_on_hold":0,"sold_today":0,"sales_last_days":0,"reserved_stock":null,"customer_returns":null,"warehouse_damage":null,"lost_in_post":null,"other_logs":null,"out_stock_days":0,"lost_sales":0,"has_location":null,"update_date":"2026-03-18T12:21:45","atum_locations":[],"atum_stock_status":"instock","restock_status":false,"low_stock_amount":"","sales_update_date":"2026-03-17T19:15:20","calc_backorders":null,"_links":{"self":[{"href":"https:\/\/vizomix.hu\/en\/wp-json\/wp\/v2\/product\/1064","targetHints":{"allow":["GET"]}}],"collection":[{"href":"https:\/\/vizomix.hu\/en\/wp-json\/wp\/v2\/product"}],"about":[{"href":"https:\/\/vizomix.hu\/en\/wp-json\/wp\/v2\/types\/product"}],"replies":[{"embeddable":true,"href":"https:\/\/vizomix.hu\/en\/wp-json\/wp\/v2\/comments?post=1064"}],"wp:featuredmedia":[{"embeddable":true,"href":"https:\/\/vizomix.hu\/en\/wp-json\/wp\/v2\/media\/1062"}],"wp:attachment":[{"href":"https:\/\/vizomix.hu\/en\/wp-json\/wp\/v2\/media?parent=1064"}],"wp:term":[{"taxonomy":"product_brand","embeddable":true,"href":"https:\/\/vizomix.hu\/en\/wp-json\/wp\/v2\/product_brand?post=1064"},{"taxonomy":"product_cat","embeddable":true,"href":"https:\/\/vizomix.hu\/en\/wp-json\/wp\/v2\/product_cat?post=1064"},{"taxonomy":"product_tag","embeddable":true,"href":"https:\/\/vizomix.hu\/en\/wp-json\/wp\/v2\/product_tag?post=1064"}],"curies":[{"name":"wp","href":"https:\/\/api.w.org\/{rel}","templated":true}]}}