{"id":1060,"date":"2026-02-11T16:37:58","date_gmt":"2026-02-11T15:37:58","guid":{"rendered":"https:\/\/vizomix.hu\/termek\/zara-rovid-ingruha-5\/"},"modified":"2026-03-18T13:21:44","modified_gmt":"2026-03-18T12:21:44","slug":"zara-rovid-ingruha-5","status":"publish","type":"product","link":"https:\/\/vizomix.hu\/en\/product\/zara-rovid-ingruha-5\/","title":{"rendered":"Zara k\u00e9k r\u00f6vid sz\u0171k\u00edtett ingruha"},"content":{"rendered":"<p>Zara k\u00e9k r\u00f6vid sz\u0171k\u00edtett ingruha, el\u00fcls\u0151 gombokkal<\/p>\n<p>Letisztult \u00e9s n\u0151ies darab a mindennapokra. Ez a Zara k\u00e9k r\u00f6vid ingruha karcs\u00fas\u00edtott szab\u00e1s\u00e1nak k\u00f6sz\u00f6nhet\u0151en sz\u00e9pen k\u00f6veti az alakot, mik\u00f6zben k\u00e9nyelmes viseletet biztos\u00edt.<\/p>\n<p>Az el\u00fcls\u0151 gombos kialak\u00edt\u00e1s klasszikus r\u00e9szletk\u00e9nt emeli ki a fazont, praktikus \u00e9s st\u00edlusos megold\u00e1st ny\u00fajtva. T\u00f6k\u00e9letes v\u00e1laszt\u00e1s h\u00e9tk\u00f6znapi outfitekhez, v\u00e1rosi s\u00e9t\u00e1khoz vagy csinos alkalmi megjelen\u00e9shez.<br \/>\nM\u00e9retez\u00e9s: m\u00e9reth\u0171<\/p>","protected":false},"excerpt":{"rendered":"<p>Zara k\u00e9k r\u00f6vid sz\u0171k\u00edtett ingruha, el\u00fcls\u0151 gombokkal Letisztult \u00e9s n\u0151ies darab a mindennapokra. Ez a Zara k\u00e9k r\u00f6vid ingruha karcs\u00fas\u00edtott<a class=\"read-more\" href=\"https:\/\/vizomix.hu\/en\/product\/zara-rovid-ingruha-5\/\">Tov\u00e1bb<\/a><\/p>","protected":false},"featured_media":1057,"comment_status":"open","ping_status":"closed","template":"","meta":[],"product_brand":[76],"product_cat":[34],"product_tag":[],"class_list":{"0":"post-1060","1":"product","2":"type-product","3":"status-publish","4":"has-post-thumbnail","6":"product_brand-zara","7":"product_cat-rovid-ruhak-overalok","9":"first","10":"instock","11":"taxable","12":"shipping-taxable","13":"purchasable","14":"product-type-variable","15":"add-to-wishlist-before_add_to_cart"},"supplier_id":null,"supplier_sku":"","barcode":null,"atum_controlled":true,"out_stock_date":null,"out_stock_threshold":null,"inheritable":false,"inbound_stock":null,"stock_on_hold":0,"sold_today":0,"sales_last_days":0,"reserved_stock":null,"customer_returns":null,"warehouse_damage":null,"lost_in_post":null,"other_logs":null,"out_stock_days":0,"lost_sales":0,"has_location":null,"update_date":"2026-03-18T12:21:45","atum_locations":[],"atum_stock_status":"instock","restock_status":false,"low_stock_amount":"","sales_update_date":"2026-03-17T19:15:20","calc_backorders":null,"_links":{"self":[{"href":"https:\/\/vizomix.hu\/en\/wp-json\/wp\/v2\/product\/1060","targetHints":{"allow":["GET"]}}],"collection":[{"href":"https:\/\/vizomix.hu\/en\/wp-json\/wp\/v2\/product"}],"about":[{"href":"https:\/\/vizomix.hu\/en\/wp-json\/wp\/v2\/types\/product"}],"replies":[{"embeddable":true,"href":"https:\/\/vizomix.hu\/en\/wp-json\/wp\/v2\/comments?post=1060"}],"wp:featuredmedia":[{"embeddable":true,"href":"https:\/\/vizomix.hu\/en\/wp-json\/wp\/v2\/media\/1057"}],"wp:attachment":[{"href":"https:\/\/vizomix.hu\/en\/wp-json\/wp\/v2\/media?parent=1060"}],"wp:term":[{"taxonomy":"product_brand","embeddable":true,"href":"https:\/\/vizomix.hu\/en\/wp-json\/wp\/v2\/product_brand?post=1060"},{"taxonomy":"product_cat","embeddable":true,"href":"https:\/\/vizomix.hu\/en\/wp-json\/wp\/v2\/product_cat?post=1060"},{"taxonomy":"product_tag","embeddable":true,"href":"https:\/\/vizomix.hu\/en\/wp-json\/wp\/v2\/product_tag?post=1060"}],"curies":[{"name":"wp","href":"https:\/\/api.w.org\/{rel}","templated":true}]}}