{"id":1055,"date":"2026-02-11T16:35:41","date_gmt":"2026-02-11T15:35:41","guid":{"rendered":"https:\/\/vizomix.hu\/termek\/zara-khaki-parka-kabat\/"},"modified":"2026-03-18T13:21:44","modified_gmt":"2026-03-18T12:21:44","slug":"zara-khaki-parka-kabat","status":"publish","type":"product","link":"https:\/\/vizomix.hu\/en\/product\/zara-khaki-parka-kabat\/","title":{"rendered":"Zara khaki nagyon meleg parka kab\u00e1t"},"content":{"rendered":"<p>Zara khaki parka \u2013 nagyon meleg, bel\u00fcl b\u00e9lelt kab\u00e1t<\/p>\n<p>Praktikus \u00e9s st\u00edlusos v\u00e1laszt\u00e1s a hideg napokra. Ez a Zara khaki parka bels\u0151 b\u00e9lelt kialak\u00edt\u00e1s\u00e1nak k\u00f6sz\u00f6nhet\u0151en extra meleget biztos\u00edt, mik\u00f6zben k\u00e9nyelmes viselet marad.<\/p>\n<p>Nagyobb m\u00e9retez\u00e9se lehet\u0151v\u00e9 teszi a r\u00e9tegez\u00e9st, \u00edgy k\u00f6nnyed\u00e9n hordhat\u00f3 pul\u00f3verekkel vagy kardig\u00e1nokkal. Ide\u00e1lis v\u00e1laszt\u00e1s t\u00e9li s\u00e9t\u00e1khoz, h\u00e9tk\u00f6znapi visel\u00e9shez vagy szabadt\u00e9ri programokra.<br \/>\nM\u00e9retez\u00e9s: nagyobb m\u00e9ret<\/p>","protected":false},"excerpt":{"rendered":"<p>Zara khaki parka \u2013 nagyon meleg, bel\u00fcl b\u00e9lelt kab\u00e1t Praktikus \u00e9s st\u00edlusos v\u00e1laszt\u00e1s a hideg napokra. Ez a Zara khaki<a class=\"read-more\" href=\"https:\/\/vizomix.hu\/en\/product\/zara-khaki-parka-kabat\/\">Tov\u00e1bb<\/a><\/p>","protected":false},"featured_media":1053,"comment_status":"open","ping_status":"closed","template":"","meta":[],"product_brand":[76],"product_cat":[23],"product_tag":[],"class_list":{"0":"post-1055","1":"product","2":"type-product","3":"status-publish","4":"has-post-thumbnail","6":"product_brand-zara","7":"product_cat-kabatok","9":"first","10":"instock","11":"taxable","12":"shipping-taxable","13":"purchasable","14":"product-type-variable","15":"add-to-wishlist-before_add_to_cart"},"supplier_id":null,"supplier_sku":"","barcode":null,"atum_controlled":true,"out_stock_date":null,"out_stock_threshold":null,"inheritable":false,"inbound_stock":null,"stock_on_hold":0,"sold_today":0,"sales_last_days":0,"reserved_stock":null,"customer_returns":null,"warehouse_damage":null,"lost_in_post":null,"other_logs":null,"out_stock_days":0,"lost_sales":0,"has_location":null,"update_date":"2026-03-18T12:21:45","atum_locations":[],"atum_stock_status":"instock","restock_status":false,"low_stock_amount":"","sales_update_date":"2026-03-17T19:15:20","calc_backorders":null,"_links":{"self":[{"href":"https:\/\/vizomix.hu\/en\/wp-json\/wp\/v2\/product\/1055","targetHints":{"allow":["GET"]}}],"collection":[{"href":"https:\/\/vizomix.hu\/en\/wp-json\/wp\/v2\/product"}],"about":[{"href":"https:\/\/vizomix.hu\/en\/wp-json\/wp\/v2\/types\/product"}],"replies":[{"embeddable":true,"href":"https:\/\/vizomix.hu\/en\/wp-json\/wp\/v2\/comments?post=1055"}],"wp:featuredmedia":[{"embeddable":true,"href":"https:\/\/vizomix.hu\/en\/wp-json\/wp\/v2\/media\/1053"}],"wp:attachment":[{"href":"https:\/\/vizomix.hu\/en\/wp-json\/wp\/v2\/media?parent=1055"}],"wp:term":[{"taxonomy":"product_brand","embeddable":true,"href":"https:\/\/vizomix.hu\/en\/wp-json\/wp\/v2\/product_brand?post=1055"},{"taxonomy":"product_cat","embeddable":true,"href":"https:\/\/vizomix.hu\/en\/wp-json\/wp\/v2\/product_cat?post=1055"},{"taxonomy":"product_tag","embeddable":true,"href":"https:\/\/vizomix.hu\/en\/wp-json\/wp\/v2\/product_tag?post=1055"}],"curies":[{"name":"wp","href":"https:\/\/api.w.org\/{rel}","templated":true}]}}