{"id":1046,"date":"2026-02-11T16:31:09","date_gmt":"2026-02-11T15:31:09","guid":{"rendered":"https:\/\/vizomix.hu\/termek\/zara-elol-fonott-felso\/"},"modified":"2026-03-18T13:21:44","modified_gmt":"2026-03-18T12:21:44","slug":"zara-elol-fonott-felso","status":"publish","type":"product","link":"https:\/\/vizomix.hu\/en\/product\/zara-elol-fonott-felso\/","title":{"rendered":"Zara s\u00e1rga el\u0151l fonott fels\u0151"},"content":{"rendered":"<p>Zara s\u00e1rga el\u0151l fonott csinos fels\u0151, h\u00e1t\u00e1n cipz\u00e1ras megold\u00e1ssal<\/p>\n<p>N\u0151ies \u00e9s j\u00e1t\u00e9kos darab, amely vid\u00e1m sz\u00edn\u00e9vel azonnal feldobja a megjelen\u00e9st. Ez a Zara s\u00e1rga fels\u0151 el\u0151l fonott r\u00e9szleteivel k\u00fcl\u00f6nleges, textur\u00e1lt hat\u00e1st kelt, mik\u00f6zben csinos, form\u00e1s vonalakat ad.<\/p>\n<p>A h\u00e1t\u00e1n tal\u00e1lhat\u00f3 cipz\u00e1r praktikus fel- \u00e9s lev\u00e9telt biztos\u00edt, mik\u00f6zben letisztult, eleg\u00e1ns \u00f6sszhat\u00e1st ny\u00fajt. T\u00f6k\u00e9letes v\u00e1laszt\u00e1s h\u00e9tk\u00f6znapi outfitekhez, v\u00e1rosi s\u00e9t\u00e1khoz vagy egy st\u00edlusos alkalmi megjelen\u00e9shez.<br \/>\nM\u00e9retez\u00e9s: m\u00e9reth\u0171<\/p>","protected":false},"excerpt":{"rendered":"<p>Zara s\u00e1rga el\u0151l fonott csinos fels\u0151, h\u00e1t\u00e1n cipz\u00e1ras megold\u00e1ssal N\u0151ies \u00e9s j\u00e1t\u00e9kos darab, amely vid\u00e1m sz\u00edn\u00e9vel azonnal feldobja a megjelen\u00e9st.<a class=\"read-more\" href=\"https:\/\/vizomix.hu\/en\/product\/zara-elol-fonott-felso\/\">Tov\u00e1bb<\/a><\/p>","protected":false},"featured_media":1044,"comment_status":"open","ping_status":"closed","template":"","meta":[],"product_brand":[76],"product_cat":[42],"product_tag":[],"class_list":{"0":"post-1046","1":"product","2":"type-product","3":"status-publish","4":"has-post-thumbnail","6":"product_brand-zara","7":"product_cat-felso-ruhazat-top-triko-polo-body-felsoresz","9":"first","10":"instock","11":"taxable","12":"shipping-taxable","13":"purchasable","14":"product-type-variable","15":"add-to-wishlist-before_add_to_cart"},"supplier_id":null,"supplier_sku":"","barcode":null,"atum_controlled":true,"out_stock_date":null,"out_stock_threshold":null,"inheritable":false,"inbound_stock":null,"stock_on_hold":0,"sold_today":0,"sales_last_days":0,"reserved_stock":null,"customer_returns":null,"warehouse_damage":null,"lost_in_post":null,"other_logs":null,"out_stock_days":0,"lost_sales":0,"has_location":null,"update_date":"2026-03-18T12:21:45","atum_locations":[],"atum_stock_status":"instock","restock_status":false,"low_stock_amount":"","sales_update_date":"2026-03-17T19:15:20","calc_backorders":null,"_links":{"self":[{"href":"https:\/\/vizomix.hu\/en\/wp-json\/wp\/v2\/product\/1046","targetHints":{"allow":["GET"]}}],"collection":[{"href":"https:\/\/vizomix.hu\/en\/wp-json\/wp\/v2\/product"}],"about":[{"href":"https:\/\/vizomix.hu\/en\/wp-json\/wp\/v2\/types\/product"}],"replies":[{"embeddable":true,"href":"https:\/\/vizomix.hu\/en\/wp-json\/wp\/v2\/comments?post=1046"}],"wp:featuredmedia":[{"embeddable":true,"href":"https:\/\/vizomix.hu\/en\/wp-json\/wp\/v2\/media\/1044"}],"wp:attachment":[{"href":"https:\/\/vizomix.hu\/en\/wp-json\/wp\/v2\/media?parent=1046"}],"wp:term":[{"taxonomy":"product_brand","embeddable":true,"href":"https:\/\/vizomix.hu\/en\/wp-json\/wp\/v2\/product_brand?post=1046"},{"taxonomy":"product_cat","embeddable":true,"href":"https:\/\/vizomix.hu\/en\/wp-json\/wp\/v2\/product_cat?post=1046"},{"taxonomy":"product_tag","embeddable":true,"href":"https:\/\/vizomix.hu\/en\/wp-json\/wp\/v2\/product_tag?post=1046"}],"curies":[{"name":"wp","href":"https:\/\/api.w.org\/{rel}","templated":true}]}}