{"id":1036,"date":"2026-02-11T16:26:29","date_gmt":"2026-02-11T15:26:29","guid":{"rendered":"https:\/\/vizomix.hu\/termek\/zara-piros-kockas-ing\/"},"modified":"2026-03-18T13:21:44","modified_gmt":"2026-03-18T12:21:44","slug":"zara-piros-kockas-ing","status":"publish","type":"product","link":"https:\/\/vizomix.hu\/en\/product\/zara-piros-kockas-ing\/","title":{"rendered":"Zara piros kock\u00e1s meleg flanel sz\u0171k\u00edtett ing\/fels\u0151"},"content":{"rendered":"<p>Zara piros kock\u00e1s flanel ing\/fels\u0151, der\u00e9kban sz\u0171k\u00edtett<\/p>\n<p>K\u00e9nyelmes \u00e9s st\u00edlusos darab a h\u0171v\u00f6sebb napokra. Ez a Zara piros kock\u00e1s flanel ing puha, meleg anyag\u00e1nak k\u00f6sz\u00f6nhet\u0151en kellemes viseletet biztos\u00edt, mik\u00f6zben klasszikus, id\u0151t\u00e1ll\u00f3 mint\u00e1j\u00e1val modern hat\u00e1st kelt.<\/p>\n<p>A der\u00e9kban sz\u0171k\u00edtett fazon n\u0151ies sziluettet ad, kiemelve az alakot, mik\u00f6zben meg\u0151rzi a k\u00e9nyelmes, laza szab\u00e1st. T\u00f6k\u00e9letes v\u00e1laszt\u00e1s h\u00e9tk\u00f6znapi szettekhez, casual programokra vagy r\u00e9tegezett outfitekhez.<\/p>","protected":false},"excerpt":{"rendered":"<p>Zara piros kock\u00e1s flanel ing\/fels\u0151, der\u00e9kban sz\u0171k\u00edtett K\u00e9nyelmes \u00e9s st\u00edlusos darab a h\u0171v\u00f6sebb napokra. Ez a Zara piros kock\u00e1s flanel<a class=\"read-more\" href=\"https:\/\/vizomix.hu\/en\/product\/zara-piros-kockas-ing\/\">Tov\u00e1bb<\/a><\/p>","protected":false},"featured_media":1034,"comment_status":"open","ping_status":"closed","template":"","meta":[],"product_brand":[76],"product_cat":[26],"product_tag":[],"class_list":{"0":"post-1036","1":"product","2":"type-product","3":"status-publish","4":"has-post-thumbnail","6":"product_brand-zara","7":"product_cat-ingek","9":"first","10":"instock","11":"taxable","12":"shipping-taxable","13":"purchasable","14":"product-type-variable","15":"add-to-wishlist-before_add_to_cart"},"supplier_id":null,"supplier_sku":"","barcode":null,"atum_controlled":true,"out_stock_date":null,"out_stock_threshold":null,"inheritable":false,"inbound_stock":null,"stock_on_hold":0,"sold_today":0,"sales_last_days":0,"reserved_stock":null,"customer_returns":null,"warehouse_damage":null,"lost_in_post":null,"other_logs":null,"out_stock_days":0,"lost_sales":0,"has_location":null,"update_date":"2026-03-18T12:21:45","atum_locations":[],"atum_stock_status":"instock","restock_status":false,"low_stock_amount":"","sales_update_date":"2026-03-17T19:15:19","calc_backorders":null,"_links":{"self":[{"href":"https:\/\/vizomix.hu\/en\/wp-json\/wp\/v2\/product\/1036","targetHints":{"allow":["GET"]}}],"collection":[{"href":"https:\/\/vizomix.hu\/en\/wp-json\/wp\/v2\/product"}],"about":[{"href":"https:\/\/vizomix.hu\/en\/wp-json\/wp\/v2\/types\/product"}],"replies":[{"embeddable":true,"href":"https:\/\/vizomix.hu\/en\/wp-json\/wp\/v2\/comments?post=1036"}],"wp:featuredmedia":[{"embeddable":true,"href":"https:\/\/vizomix.hu\/en\/wp-json\/wp\/v2\/media\/1034"}],"wp:attachment":[{"href":"https:\/\/vizomix.hu\/en\/wp-json\/wp\/v2\/media?parent=1036"}],"wp:term":[{"taxonomy":"product_brand","embeddable":true,"href":"https:\/\/vizomix.hu\/en\/wp-json\/wp\/v2\/product_brand?post=1036"},{"taxonomy":"product_cat","embeddable":true,"href":"https:\/\/vizomix.hu\/en\/wp-json\/wp\/v2\/product_cat?post=1036"},{"taxonomy":"product_tag","embeddable":true,"href":"https:\/\/vizomix.hu\/en\/wp-json\/wp\/v2\/product_tag?post=1036"}],"curies":[{"name":"wp","href":"https:\/\/api.w.org\/{rel}","templated":true}]}}