{"id":1032,"date":"2026-02-11T16:24:38","date_gmt":"2026-02-11T15:24:38","guid":{"rendered":"https:\/\/vizomix.hu\/termek\/zara-rovid-ruha-7\/"},"modified":"2026-03-18T13:21:44","modified_gmt":"2026-03-18T12:21:44","slug":"zara-rovid-ruha-7","status":"publish","type":"product","link":"https:\/\/vizomix.hu\/en\/product\/zara-rovid-ruha-7\/","title":{"rendered":"Zara k\u00e9k szat\u00e9n r\u00f6vid ruha"},"content":{"rendered":"<p>Zara k\u00e9k szat\u00e9n r\u00f6vid ruha, elej\u00e9n gombos r\u00f6gz\u00edt\u00e9ssel<\/p>\n<p>Eleg\u00e1ns \u00e9s n\u0151ies darab, amely st\u00edlusos megjelen\u00e9st biztos\u00edt. Ez a Zara k\u00e9k szat\u00e9n r\u00f6vid ruha finom f\u00e9ny\u00e9vel \u00e9s l\u00e1gy es\u00e9s\u00e9vel k\u00fcl\u00f6nleges, kifinomult hat\u00e1st kelt.<\/p>\n<p>Az elej\u00e9n tal\u00e1lhat\u00f3 gombos r\u00f6gz\u00edt\u00e9s klasszikus r\u00e9szletk\u00e9nt emeli ki a fazont, m\u00edg az oldals\u00f3 cipz\u00e1r k\u00e9nyelmes fel- \u00e9s lev\u00e9telt biztos\u00edt. T\u00f6k\u00e9letes v\u00e1laszt\u00e1s esti programokra, alkalmi esem\u00e9nyekre vagy egy csinos, eleg\u00e1ns szetthez.<\/p>","protected":false},"excerpt":{"rendered":"<p>Zara k\u00e9k szat\u00e9n r\u00f6vid ruha, elej\u00e9n gombos r\u00f6gz\u00edt\u00e9ssel Eleg\u00e1ns \u00e9s n\u0151ies darab, amely st\u00edlusos megjelen\u00e9st biztos\u00edt. Ez a Zara k\u00e9k<a class=\"read-more\" href=\"https:\/\/vizomix.hu\/en\/product\/zara-rovid-ruha-7\/\">Tov\u00e1bb<\/a><\/p>","protected":false},"featured_media":1030,"comment_status":"open","ping_status":"closed","template":"","meta":[],"product_brand":[76],"product_cat":[34],"product_tag":[],"class_list":{"0":"post-1032","1":"product","2":"type-product","3":"status-publish","4":"has-post-thumbnail","6":"product_brand-zara","7":"product_cat-rovid-ruhak-overalok","9":"first","10":"instock","11":"taxable","12":"shipping-taxable","13":"purchasable","14":"product-type-variable","15":"add-to-wishlist-before_add_to_cart"},"supplier_id":null,"supplier_sku":"","barcode":null,"atum_controlled":true,"out_stock_date":null,"out_stock_threshold":null,"inheritable":false,"inbound_stock":null,"stock_on_hold":0,"sold_today":0,"sales_last_days":0,"reserved_stock":null,"customer_returns":null,"warehouse_damage":null,"lost_in_post":null,"other_logs":null,"out_stock_days":0,"lost_sales":0,"has_location":null,"update_date":"2026-03-18T12:21:45","atum_locations":[],"atum_stock_status":"instock","restock_status":false,"low_stock_amount":"","sales_update_date":"2026-03-17T19:15:19","calc_backorders":null,"_links":{"self":[{"href":"https:\/\/vizomix.hu\/en\/wp-json\/wp\/v2\/product\/1032","targetHints":{"allow":["GET"]}}],"collection":[{"href":"https:\/\/vizomix.hu\/en\/wp-json\/wp\/v2\/product"}],"about":[{"href":"https:\/\/vizomix.hu\/en\/wp-json\/wp\/v2\/types\/product"}],"replies":[{"embeddable":true,"href":"https:\/\/vizomix.hu\/en\/wp-json\/wp\/v2\/comments?post=1032"}],"wp:featuredmedia":[{"embeddable":true,"href":"https:\/\/vizomix.hu\/en\/wp-json\/wp\/v2\/media\/1030"}],"wp:attachment":[{"href":"https:\/\/vizomix.hu\/en\/wp-json\/wp\/v2\/media?parent=1032"}],"wp:term":[{"taxonomy":"product_brand","embeddable":true,"href":"https:\/\/vizomix.hu\/en\/wp-json\/wp\/v2\/product_brand?post=1032"},{"taxonomy":"product_cat","embeddable":true,"href":"https:\/\/vizomix.hu\/en\/wp-json\/wp\/v2\/product_cat?post=1032"},{"taxonomy":"product_tag","embeddable":true,"href":"https:\/\/vizomix.hu\/en\/wp-json\/wp\/v2\/product_tag?post=1032"}],"curies":[{"name":"wp","href":"https:\/\/api.w.org\/{rel}","templated":true}]}}