{"id":1028,"date":"2026-02-11T16:21:30","date_gmt":"2026-02-11T15:21:30","guid":{"rendered":"https:\/\/vizomix.hu\/termek\/zara-szines-tweed-texturalt-hosszitott-blezerruha\/"},"modified":"2026-03-19T14:58:01","modified_gmt":"2026-03-19T13:58:01","slug":"zara-szines-tweed-texturalt-hosszitott-blezerruha","status":"publish","type":"product","link":"https:\/\/vizomix.hu\/en\/product\/zara-szines-tweed-texturalt-hosszitott-blezerruha\/","title":{"rendered":"Zara sz\u00ednes tweed\/textur\u00e1lt hossz\u00edtott bl\u00e9zerruha"},"content":{"rendered":"<p>Zara sz\u00ednes tweed\/textur\u00e1lt hossz\u00edtott bl\u00e9zerruha, arany gombokkal<\/p>\n<p>Eleg\u00e1ns \u00e9s st\u00edlusos darab, amely kifinomult megjelen\u00e9st biztos\u00edt. Ez a Zara sz\u00ednes, tweed hat\u00e1s\u00fa, textur\u00e1lt hossz\u00edtott bl\u00e9zerruha klasszikus szab\u00e1svonal\u00e1val \u00e9s gazdag mint\u00e1zat\u00e1val k\u00fcl\u00f6nleges hat\u00e1st kelt.<\/p>\n<p>Az arany gombok eleg\u00e1ns, dekorat\u00edv r\u00e9szletk\u00e9nt emelik ki a ruh\u00e1t, az \u00f6v pedig nem a ruh\u00e1hoz tartozik, \u00edgy szabadon vari\u00e1lhat\u00f3 a st\u00edlusos kieg\u00e9sz\u00edt\u00e9ssel. T\u00f6k\u00e9letes v\u00e1laszt\u00e1s alkalmi esem\u00e9nyekre, esti programokra vagy egy magabiztos, eleg\u00e1ns megjelen\u00e9shez.<br \/>\nAz \u00f6v nem a ruha r\u00e9sz\u00e9t k\u00e9pzi csak illusztr\u00e1ci\u00f3!<br \/>\nM\u00e9retez\u00e9s: nagyobb m\u00e9ret<\/p>","protected":false},"excerpt":{"rendered":"<p>Zara sz\u00ednes tweed\/textur\u00e1lt hossz\u00edtott bl\u00e9zerruha, arany gombokkal Eleg\u00e1ns \u00e9s st\u00edlusos darab, amely kifinomult megjelen\u00e9st biztos\u00edt. Ez a Zara sz\u00ednes, tweed<a class=\"read-more\" href=\"https:\/\/vizomix.hu\/en\/product\/zara-szines-tweed-texturalt-hosszitott-blezerruha\/\">Tov\u00e1bb<\/a><\/p>","protected":false},"featured_media":6840,"comment_status":"open","ping_status":"closed","template":"","meta":[],"product_brand":[76],"product_cat":[38],"product_tag":[],"class_list":{"0":"post-1028","1":"product","2":"type-product","3":"status-publish","4":"has-post-thumbnail","6":"product_brand-zara","7":"product_cat-blezerek","9":"first","10":"instock","11":"taxable","12":"shipping-taxable","13":"purchasable","14":"product-type-variable","15":"add-to-wishlist-before_add_to_cart"},"supplier_id":null,"supplier_sku":"","barcode":null,"atum_controlled":true,"out_stock_date":null,"out_stock_threshold":null,"inheritable":false,"inbound_stock":null,"stock_on_hold":0,"sold_today":0,"sales_last_days":0,"reserved_stock":null,"customer_returns":null,"warehouse_damage":null,"lost_in_post":null,"other_logs":null,"out_stock_days":0,"lost_sales":0,"has_location":null,"update_date":"2026-03-19T13:58:02","atum_locations":[],"atum_stock_status":"instock","restock_status":false,"low_stock_amount":"","sales_update_date":"2026-03-17T19:15:19","calc_backorders":null,"_links":{"self":[{"href":"https:\/\/vizomix.hu\/en\/wp-json\/wp\/v2\/product\/1028","targetHints":{"allow":["GET"]}}],"collection":[{"href":"https:\/\/vizomix.hu\/en\/wp-json\/wp\/v2\/product"}],"about":[{"href":"https:\/\/vizomix.hu\/en\/wp-json\/wp\/v2\/types\/product"}],"replies":[{"embeddable":true,"href":"https:\/\/vizomix.hu\/en\/wp-json\/wp\/v2\/comments?post=1028"}],"wp:featuredmedia":[{"embeddable":true,"href":"https:\/\/vizomix.hu\/en\/wp-json\/wp\/v2\/media\/6840"}],"wp:attachment":[{"href":"https:\/\/vizomix.hu\/en\/wp-json\/wp\/v2\/media?parent=1028"}],"wp:term":[{"taxonomy":"product_brand","embeddable":true,"href":"https:\/\/vizomix.hu\/en\/wp-json\/wp\/v2\/product_brand?post=1028"},{"taxonomy":"product_cat","embeddable":true,"href":"https:\/\/vizomix.hu\/en\/wp-json\/wp\/v2\/product_cat?post=1028"},{"taxonomy":"product_tag","embeddable":true,"href":"https:\/\/vizomix.hu\/en\/wp-json\/wp\/v2\/product_tag?post=1028"}],"curies":[{"name":"wp","href":"https:\/\/api.w.org\/{rel}","templated":true}]}}