{"id":1004,"date":"2026-02-11T16:00:44","date_gmt":"2026-02-11T15:00:44","guid":{"rendered":"https:\/\/vizomix.hu\/termek\/zara-rovid-ruha-6\/"},"modified":"2026-03-18T13:21:44","modified_gmt":"2026-03-18T12:21:44","slug":"zara-rovid-ruha-6","status":"publish","type":"product","link":"https:\/\/vizomix.hu\/en\/product\/zara-rovid-ruha-6\/","title":{"rendered":"Zara s\u00f6t\u00e9tz\u00f6ld nyak\u00e1n k\u00f6t\u0151s laza r\u00f6vid ny\u00e1ri ruha"},"content":{"rendered":"<p>Zara s\u00f6t\u00e9tz\u00f6ld nyak\u00e1n k\u00f6t\u0151s laza r\u00f6vid ny\u00e1ri ruha<\/p>\n<p>K\u00f6nnyed \u00e9s n\u0151ies darab a meleg napokra. Ez a Zara s\u00f6t\u00e9tz\u00f6ld r\u00f6vid ruha laza szab\u00e1s\u00e1nak k\u00f6sz\u00f6nhet\u0151en k\u00e9nyelmes viseletet biztos\u00edt, mik\u00f6zben st\u00edlusos megjelen\u00e9st ad.<\/p>\n<p>A nyakn\u00e1l megk\u00f6thet\u0151 r\u00e9sz finom, eleg\u00e1ns r\u00e9szletk\u00e9nt emeli ki a fazont, \u00e9s egyediv\u00e9 teszi az \u00f6sszhat\u00e1st. T\u00f6k\u00e9letes v\u00e1laszt\u00e1s ny\u00e1ri s\u00e9t\u00e1khoz, h\u00e9tk\u00f6znapi programokhoz vagy egy csinos, m\u00e9gis lezser megjelen\u00e9shez.<\/p>","protected":false},"excerpt":{"rendered":"<p>Zara s\u00f6t\u00e9tz\u00f6ld nyak\u00e1n k\u00f6t\u0151s laza r\u00f6vid ny\u00e1ri ruha K\u00f6nnyed \u00e9s n\u0151ies darab a meleg napokra. Ez a Zara s\u00f6t\u00e9tz\u00f6ld r\u00f6vid<a class=\"read-more\" href=\"https:\/\/vizomix.hu\/en\/product\/zara-rovid-ruha-6\/\">Tov\u00e1bb<\/a><\/p>","protected":false},"featured_media":1002,"comment_status":"open","ping_status":"closed","template":"","meta":[],"product_brand":[76],"product_cat":[34],"product_tag":[],"class_list":{"0":"post-1004","1":"product","2":"type-product","3":"status-publish","4":"has-post-thumbnail","6":"product_brand-zara","7":"product_cat-rovid-ruhak-overalok","9":"first","10":"instock","11":"taxable","12":"shipping-taxable","13":"purchasable","14":"product-type-variable","15":"add-to-wishlist-before_add_to_cart"},"supplier_id":null,"supplier_sku":"","barcode":null,"atum_controlled":true,"out_stock_date":null,"out_stock_threshold":null,"inheritable":false,"inbound_stock":null,"stock_on_hold":0,"sold_today":0,"sales_last_days":0,"reserved_stock":null,"customer_returns":null,"warehouse_damage":null,"lost_in_post":null,"other_logs":null,"out_stock_days":0,"lost_sales":0,"has_location":null,"update_date":"2026-03-18T12:21:45","atum_locations":[],"atum_stock_status":"instock","restock_status":false,"low_stock_amount":"","sales_update_date":"2026-03-17T19:15:19","calc_backorders":null,"_links":{"self":[{"href":"https:\/\/vizomix.hu\/en\/wp-json\/wp\/v2\/product\/1004","targetHints":{"allow":["GET"]}}],"collection":[{"href":"https:\/\/vizomix.hu\/en\/wp-json\/wp\/v2\/product"}],"about":[{"href":"https:\/\/vizomix.hu\/en\/wp-json\/wp\/v2\/types\/product"}],"replies":[{"embeddable":true,"href":"https:\/\/vizomix.hu\/en\/wp-json\/wp\/v2\/comments?post=1004"}],"wp:featuredmedia":[{"embeddable":true,"href":"https:\/\/vizomix.hu\/en\/wp-json\/wp\/v2\/media\/1002"}],"wp:attachment":[{"href":"https:\/\/vizomix.hu\/en\/wp-json\/wp\/v2\/media?parent=1004"}],"wp:term":[{"taxonomy":"product_brand","embeddable":true,"href":"https:\/\/vizomix.hu\/en\/wp-json\/wp\/v2\/product_brand?post=1004"},{"taxonomy":"product_cat","embeddable":true,"href":"https:\/\/vizomix.hu\/en\/wp-json\/wp\/v2\/product_cat?post=1004"},{"taxonomy":"product_tag","embeddable":true,"href":"https:\/\/vizomix.hu\/en\/wp-json\/wp\/v2\/product_tag?post=1004"}],"curies":[{"name":"wp","href":"https:\/\/api.w.org\/{rel}","templated":true}]}}