{"id":1000,"date":"2026-02-11T15:57:12","date_gmt":"2026-02-11T14:57:12","guid":{"rendered":"https:\/\/vizomix.hu\/termek\/zara-ingruha-ovvel\/"},"modified":"2026-03-18T13:21:44","modified_gmt":"2026-03-18T12:21:44","slug":"zara-ingruha-ovvel","status":"publish","type":"product","link":"https:\/\/vizomix.hu\/en\/product\/zara-ingruha-ovvel\/","title":{"rendered":"Zara csinos ujjatlan ingruha fonott\/m\u0171b\u0151r arany csattos \u00f6vvel"},"content":{"rendered":"<p>Zara csinos ujjatlan ingruha fonott\/m\u0171b\u0151r arany csattos \u00f6vvel<\/p>\n<p>Eleg\u00e1ns \u00e9s n\u0151ies darab, amely letisztult, m\u00e9gis k\u00fcl\u00f6nleges megjelen\u00e9st biztos\u00edt. Ez a Zara ujjatlan ingruha klasszikus szab\u00e1s\u00e1val \u00e9s kifinomult vonalvezet\u00e9s\u00e9vel id\u0151t\u00e1ll\u00f3 v\u00e1laszt\u00e1s.<\/p>\n<p>A fonott, m\u0171b\u0151r hat\u00e1s\u00fa \u00f6v arany csattal hangs\u00falyozza a derekat, \u00e9s karakteres, dekorat\u00edv r\u00e9szletk\u00e9nt teszi m\u00e9g st\u00edlusosabb\u00e1 az \u00f6sszhat\u00e1st. T\u00f6k\u00e9letes v\u00e1laszt\u00e1s irodai viselethez, alkalmi programokra vagy csinos h\u00e9tk\u00f6znapi szettekhez.<\/p>","protected":false},"excerpt":{"rendered":"<p>Zara csinos ujjatlan ingruha fonott\/m\u0171b\u0151r arany csattos \u00f6vvel Eleg\u00e1ns \u00e9s n\u0151ies darab, amely letisztult, m\u00e9gis k\u00fcl\u00f6nleges megjelen\u00e9st biztos\u00edt. Ez a<a class=\"read-more\" href=\"https:\/\/vizomix.hu\/en\/product\/zara-ingruha-ovvel\/\">Tov\u00e1bb<\/a><\/p>","protected":false},"featured_media":997,"comment_status":"open","ping_status":"closed","template":"","meta":[],"product_brand":[76],"product_cat":[34],"product_tag":[],"class_list":{"0":"post-1000","1":"product","2":"type-product","3":"status-publish","4":"has-post-thumbnail","6":"product_brand-zara","7":"product_cat-rovid-ruhak-overalok","9":"first","10":"instock","11":"taxable","12":"shipping-taxable","13":"purchasable","14":"product-type-variable","15":"add-to-wishlist-before_add_to_cart"},"supplier_id":null,"supplier_sku":"","barcode":null,"atum_controlled":true,"out_stock_date":null,"out_stock_threshold":null,"inheritable":false,"inbound_stock":null,"stock_on_hold":0,"sold_today":0,"sales_last_days":0,"reserved_stock":null,"customer_returns":null,"warehouse_damage":null,"lost_in_post":null,"other_logs":null,"out_stock_days":0,"lost_sales":0,"has_location":null,"update_date":"2026-03-18T12:21:45","atum_locations":[],"atum_stock_status":"instock","restock_status":false,"low_stock_amount":"","sales_update_date":"2026-03-17T19:15:19","calc_backorders":null,"_links":{"self":[{"href":"https:\/\/vizomix.hu\/en\/wp-json\/wp\/v2\/product\/1000","targetHints":{"allow":["GET"]}}],"collection":[{"href":"https:\/\/vizomix.hu\/en\/wp-json\/wp\/v2\/product"}],"about":[{"href":"https:\/\/vizomix.hu\/en\/wp-json\/wp\/v2\/types\/product"}],"replies":[{"embeddable":true,"href":"https:\/\/vizomix.hu\/en\/wp-json\/wp\/v2\/comments?post=1000"}],"wp:featuredmedia":[{"embeddable":true,"href":"https:\/\/vizomix.hu\/en\/wp-json\/wp\/v2\/media\/997"}],"wp:attachment":[{"href":"https:\/\/vizomix.hu\/en\/wp-json\/wp\/v2\/media?parent=1000"}],"wp:term":[{"taxonomy":"product_brand","embeddable":true,"href":"https:\/\/vizomix.hu\/en\/wp-json\/wp\/v2\/product_brand?post=1000"},{"taxonomy":"product_cat","embeddable":true,"href":"https:\/\/vizomix.hu\/en\/wp-json\/wp\/v2\/product_cat?post=1000"},{"taxonomy":"product_tag","embeddable":true,"href":"https:\/\/vizomix.hu\/en\/wp-json\/wp\/v2\/product_tag?post=1000"}],"curies":[{"name":"wp","href":"https:\/\/api.w.org\/{rel}","templated":true}]}}