{"id":4087,"date":"2026-02-25T16:03:06","date_gmt":"2026-02-25T15:03:06","guid":{"rendered":"https:\/\/vizomix.hu\/?page_id=4087"},"modified":"2026-02-26T16:42:03","modified_gmt":"2026-02-26T15:42:03","slug":"rolunk","status":"publish","type":"page","link":"https:\/\/vizomix.hu\/en\/rolunk\/","title":{"rendered":"About us"},"content":{"rendered":"<div class=\"wp-block-columns is-layout-flex wp-container-core-columns-is-layout-9d6595d7 wp-block-columns-is-layout-flex\">\n<div class=\"wp-block-column is-layout-flow wp-block-column-is-layout-flow\" style=\"flex-basis:66.66%\">\n<p><strong>Brand Manifesto<\/strong><\/p>\n\n\n\n<p class=\"translation-block\"><strong>VIZOMIX<\/strong> was born from a shared dream:<br>the meeting of Vivien's (<strong>VI<\/strong>) delicate creativity and Zoli's (<strong>ZO<\/strong>) clear vision (<strong>MIX<\/strong>).<\/p>\n\n\n\n<p>The two represent two different worlds: attention to sensitive details and thinking in terms of the big picture. VIZOMIX is the result of this balance.&nbsp;<\/p>\n\n\n\n<p>A brand where style, quality, and versatility are not only reflected in clothing, but in an entire lifestyle.<\/p>\n\n\n\n<p>They believe that dressing is more than fashion: it is self-expression. Poise. Presence.<\/p>\n\n\n\n<p>Each piece is selected to be timeless, add character, and exude confidence wherever you wear it.&nbsp;<\/p>\n\n\n\n<p>For them, quality is not a compromise, but a core value, the power hidden in the details that sets them apart.<\/p>\n\n\n\n<p>VIZOMIX is for those who not only follow the world, but also shape it, who know who they are and are not afraid to show it.<\/p>\n\n\n\n<p>It's not just a brand: it's an attitude. A community. A direction.<\/p>\n\n\n\n<p class=\"translation-block\">Welcome to the world of <strong>VIZOMIX<\/strong>.<\/p>\n<\/div>\n\n\n\n<div class=\"wp-block-column is-layout-flow wp-block-column-is-layout-flow\" style=\"flex-basis:33.33%\">\n<figure class=\"wp-block-image size-large\"><img loading=\"lazy\" decoding=\"async\" width=\"730\" height=\"1024\" src=\"https:\/\/vizomix.hu\/wp-content\/uploads\/2026\/02\/Vivien-es-Zoltan-730x1024.jpg\" alt=\"\" class=\"wp-image-4108\" srcset=\"https:\/\/vizomix.hu\/wp-content\/uploads\/2026\/02\/Vivien-es-Zoltan-730x1024.jpg 730w, https:\/\/vizomix.hu\/wp-content\/uploads\/2026\/02\/Vivien-es-Zoltan-285x400.jpg 285w, https:\/\/vizomix.hu\/wp-content\/uploads\/2026\/02\/Vivien-es-Zoltan-570x800.jpg 570w, https:\/\/vizomix.hu\/wp-content\/uploads\/2026\/02\/Vivien-es-Zoltan-143x200.jpg 143w, https:\/\/vizomix.hu\/wp-content\/uploads\/2026\/02\/Vivien-es-Zoltan-768x1077.jpg 768w, https:\/\/vizomix.hu\/wp-content\/uploads\/2026\/02\/Vivien-es-Zoltan-9x12.jpg 9w, https:\/\/vizomix.hu\/wp-content\/uploads\/2026\/02\/Vivien-es-Zoltan.jpg 785w\" sizes=\"auto, (max-width: 730px) 100vw, 730px\" \/><\/figure>\n<\/div>\n<\/div>\n\n\n\n<div class=\"wp-block-columns is-layout-flex wp-container-core-columns-is-layout-9d6595d7 wp-block-columns-is-layout-flex\">\n<div class=\"wp-block-column is-layout-flow wp-block-column-is-layout-flow\" style=\"flex-basis:66.66%\"><\/div>\n\n\n\n<div class=\"wp-block-column is-layout-flow wp-block-column-is-layout-flow\" style=\"flex-basis:33.33%\"><\/div>\n<\/div>\n\n\n\n<div class=\"wp-block-columns is-layout-flex wp-container-core-columns-is-layout-9d6595d7 wp-block-columns-is-layout-flex\">\n<div class=\"wp-block-column is-layout-flow wp-block-column-is-layout-flow\" style=\"flex-basis:66.66%\"><\/div>\n\n\n\n<div class=\"wp-block-column is-layout-flow wp-block-column-is-layout-flow\" style=\"flex-basis:33.33%\"><\/div>\n<\/div>","protected":false},"excerpt":{"rendered":"<p>Brand-manifeszt\u00f3 A VIZOMIX egy k\u00f6z\u00f6s \u00e1lomb\u00f3l sz\u00fcletett:Vivien (VI) finom kreativit\u00e1sa \u00e9s Zoli (ZO) hat\u00e1rozott v\u00edzi\u00f3ja tal\u00e1lkoz\u00e1s\u00e1b\u00f3l (MIX). Ketten k\u00e9t k\u00fcl\u00f6n<a class=\"read-more\" href=\"https:\/\/vizomix.hu\/en\/rolunk\/\">Tov\u00e1bb<\/a><\/p>","protected":false},"author":1,"featured_media":0,"parent":0,"menu_order":0,"comment_status":"closed","ping_status":"closed","template":"","meta":{"footnotes":""},"class_list":["post-4087","page","type-page","status-publish","hentry"],"_links":{"self":[{"href":"https:\/\/vizomix.hu\/en\/wp-json\/wp\/v2\/pages\/4087","targetHints":{"allow":["GET"]}}],"collection":[{"href":"https:\/\/vizomix.hu\/en\/wp-json\/wp\/v2\/pages"}],"about":[{"href":"https:\/\/vizomix.hu\/en\/wp-json\/wp\/v2\/types\/page"}],"author":[{"embeddable":true,"href":"https:\/\/vizomix.hu\/en\/wp-json\/wp\/v2\/users\/1"}],"replies":[{"embeddable":true,"href":"https:\/\/vizomix.hu\/en\/wp-json\/wp\/v2\/comments?post=4087"}],"version-history":[{"count":6,"href":"https:\/\/vizomix.hu\/en\/wp-json\/wp\/v2\/pages\/4087\/revisions"}],"predecessor-version":[{"id":4120,"href":"https:\/\/vizomix.hu\/en\/wp-json\/wp\/v2\/pages\/4087\/revisions\/4120"}],"wp:attachment":[{"href":"https:\/\/vizomix.hu\/en\/wp-json\/wp\/v2\/media?parent=4087"}],"curies":[{"name":"wp","href":"https:\/\/api.w.org\/{rel}","templated":true}]}}